{"id":11,"date":"2021-11-03T21:53:19","date_gmt":"2021-11-03T20:53:19","guid":{"rendered":"https:\/\/przemysldrzewny.eu\/index.php\/sklep\/"},"modified":"2026-01-08T11:56:55","modified_gmt":"2026-01-08T10:56:55","slug":"sklep-czasopisma-przemysl-drzewny","status":"publish","type":"page","link":"https:\/\/przemysldrzewny.eu\/","title":{"rendered":"Sklep z gazetami"},"content":{"rendered":"<div data-block-name=\"woocommerce\/product-category\" data-categories=\"[407]\" data-columns=\"2\" data-content-visibility=\"{&quot;image&quot;:true,&quot;title&quot;:true,&quot;price&quot;:true,&quot;rating&quot;:false,&quot;button&quot;:false}\" data-rows=\"1\" class=\"wc-block-grid wp-block-product-category wp-block-woocommerce-product-category wc-block-product-category has-2-columns alignwide\"><ul class=\"wc-block-grid__products\"><li class=\"wc-block-grid__product\">\n\t\t\t\t<a href=\"https:\/\/przemysldrzewny.eu\/index.php\/produkt\/prenumerata-roczna-wydanie-elektroniczne\/\" class=\"wc-block-grid__product-link\">\n\t\t\t\t\t\n\t\t\t\t\t<div class=\"wc-block-grid__product-image\"><img loading=\"lazy\" decoding=\"async\" width=\"300\" height=\"300\" src=\"https:\/\/i0.wp.com\/przemysldrzewny.eu\/wp-content\/uploads\/2021\/10\/preumerata.jpg?fit=300%2C300&amp;ssl=1\" class=\"attachment-woocommerce_thumbnail size-woocommerce_thumbnail\" alt=\"Prenumerata roczna Przemys\u0142 Drzewny - wydanie elektroniczne\" srcset=\"https:\/\/i0.wp.com\/przemysldrzewny.eu\/wp-content\/uploads\/2021\/10\/preumerata.jpg?w=1654&amp;ssl=1 1654w, https:\/\/i0.wp.com\/przemysldrzewny.eu\/wp-content\/uploads\/2021\/10\/preumerata.jpg?resize=300%2C300&amp;ssl=1 300w, https:\/\/i0.wp.com\/przemysldrzewny.eu\/wp-content\/uploads\/2021\/10\/preumerata.jpg?resize=100%2C100&amp;ssl=1 100w, https:\/\/i0.wp.com\/przemysldrzewny.eu\/wp-content\/uploads\/2021\/10\/preumerata.jpg?resize=1024%2C1024&amp;ssl=1 1024w, https:\/\/i0.wp.com\/przemysldrzewny.eu\/wp-content\/uploads\/2021\/10\/preumerata.jpg?resize=150%2C150&amp;ssl=1 150w, https:\/\/i0.wp.com\/przemysldrzewny.eu\/wp-content\/uploads\/2021\/10\/preumerata.jpg?resize=768%2C768&amp;ssl=1 768w, https:\/\/i0.wp.com\/przemysldrzewny.eu\/wp-content\/uploads\/2021\/10\/preumerata.jpg?resize=1536%2C1536&amp;ssl=1 1536w, https:\/\/i0.wp.com\/przemysldrzewny.eu\/wp-content\/uploads\/2021\/10\/preumerata.jpg?w=1280&amp;ssl=1 1280w\" sizes=\"auto, (max-width: 300px) 100vw, 300px\" \/><\/div>\n\t\t\t\t\t<div class=\"wc-block-grid__product-title\">Prenumerata roczna Przemys\u0142 Drzewny &#8211; wydanie elektroniczne<\/div>\n\t\t\t\t<\/a>\n\t\t\t\t<div class=\"wc-block-grid__product-price price\"><span class=\"woocommerce-Price-amount amount\">140,00&nbsp;<span class=\"woocommerce-Price-currencySymbol\">&#122;&#322;<\/span><\/span><\/div>\n\t\t\t\t\n\t\t\t\t\n\t\t\t<\/li><li class=\"wc-block-grid__product\">\n\t\t\t\t<a href=\"https:\/\/przemysldrzewny.eu\/index.php\/produkt\/prenumerata-roczna-wydanie-papierowe\/\" class=\"wc-block-grid__product-link\">\n\t\t\t\t\t\n\t\t\t\t\t<div class=\"wc-block-grid__product-image\"><img loading=\"lazy\" decoding=\"async\" width=\"300\" height=\"300\" src=\"https:\/\/i0.wp.com\/przemysldrzewny.eu\/wp-content\/uploads\/2021\/10\/e-prenumerata-2021.jpg?fit=300%2C300&amp;ssl=1\" class=\"attachment-woocommerce_thumbnail size-woocommerce_thumbnail\" alt=\"Prenumerata Przemys\u0142u Drzewnego\" srcset=\"https:\/\/i0.wp.com\/przemysldrzewny.eu\/wp-content\/uploads\/2021\/10\/e-prenumerata-2021.jpg?w=2500&amp;ssl=1 2500w, https:\/\/i0.wp.com\/przemysldrzewny.eu\/wp-content\/uploads\/2021\/10\/e-prenumerata-2021.jpg?resize=300%2C300&amp;ssl=1 300w, https:\/\/i0.wp.com\/przemysldrzewny.eu\/wp-content\/uploads\/2021\/10\/e-prenumerata-2021.jpg?resize=100%2C100&amp;ssl=1 100w, https:\/\/i0.wp.com\/przemysldrzewny.eu\/wp-content\/uploads\/2021\/10\/e-prenumerata-2021.jpg?resize=1024%2C1024&amp;ssl=1 1024w, https:\/\/i0.wp.com\/przemysldrzewny.eu\/wp-content\/uploads\/2021\/10\/e-prenumerata-2021.jpg?resize=150%2C150&amp;ssl=1 150w, https:\/\/i0.wp.com\/przemysldrzewny.eu\/wp-content\/uploads\/2021\/10\/e-prenumerata-2021.jpg?resize=768%2C768&amp;ssl=1 768w, https:\/\/i0.wp.com\/przemysldrzewny.eu\/wp-content\/uploads\/2021\/10\/e-prenumerata-2021.jpg?resize=1536%2C1536&amp;ssl=1 1536w, https:\/\/i0.wp.com\/przemysldrzewny.eu\/wp-content\/uploads\/2021\/10\/e-prenumerata-2021.jpg?resize=2048%2C2048&amp;ssl=1 2048w, https:\/\/i0.wp.com\/przemysldrzewny.eu\/wp-content\/uploads\/2021\/10\/e-prenumerata-2021.jpg?w=1280&amp;ssl=1 1280w, https:\/\/i0.wp.com\/przemysldrzewny.eu\/wp-content\/uploads\/2021\/10\/e-prenumerata-2021.jpg?w=1920&amp;ssl=1 1920w\" sizes=\"auto, (max-width: 300px) 100vw, 300px\" \/><\/div>\n\t\t\t\t\t<div class=\"wc-block-grid__product-title\">Prenumerata roczna Przemys\u0142 Drzewny &#8211; wydanie papierowe<\/div>\n\t\t\t\t<\/a>\n\t\t\t\t<div class=\"wc-block-grid__product-price price\"><span class=\"woocommerce-Price-amount amount\">140,00&nbsp;<span class=\"woocommerce-Price-currencySymbol\">&#122;&#322;<\/span><\/span><\/div>\n\t\t\t\t\n\t\t\t\t\n\t\t\t<\/li><\/ul><\/div>\n\n\n<div data-align-buttons=\"false\" data-block-name=\"woocommerce\/all-products\" data-columns=\"3\" data-content-visibility=\"{&quot;orderBy&quot;:true}\" data-layout-config=\"[[&quot;woocommerce\\\/product-image&quot;,{&quot;imageSizing&quot;:&quot;thumbnail&quot;}],[&quot;woocommerce\\\/product-title&quot;],[&quot;woocommerce\\\/product-price&quot;],[&quot;woocommerce\\\/product-rating&quot;],[&quot;woocommerce\\\/product-button&quot;]]\" data-orderby=\"date\" data-rows=\"2\" class=\"wp-block-woocommerce-all-products wc-block-all-products\" data-attributes=\"{&quot;alignButtons&quot;:false,&quot;columns&quot;:3,&quot;contentVisibility&quot;:{&quot;orderBy&quot;:true},&quot;isPreview&quot;:false,&quot;layoutConfig&quot;:[[&quot;woocommerce\/product-image&quot;,{&quot;imageSizing&quot;:&quot;thumbnail&quot;}],[&quot;woocommerce\/product-title&quot;],[&quot;woocommerce\/product-price&quot;],[&quot;woocommerce\/product-rating&quot;],[&quot;woocommerce\/product-button&quot;]],&quot;orderby&quot;:&quot;date&quot;,&quot;rows&quot;:2}\"><\/div>\n\n\n\n<p><\/p>\n","protected":false},"excerpt":{"rendered":"","protected":false},"author":2,"featured_media":0,"parent":0,"menu_order":0,"comment_status":"closed","ping_status":"open","template":"","meta":{"footnotes":""},"class_list":["post-11","page","type-page","status-publish","hentry"],"jetpack_likes_enabled":true,"jetpack_sharing_enabled":true,"jetpack-related-posts":[{"id":6812,"url":"https:\/\/przemysldrzewny.eu\/index.php\/rodo\/","url_meta":{"origin":11,"position":0},"title":"RODO","author":"forestor","date":"22 listopada 2019","format":false,"excerpt":"INFORMACJA ADMINISTRATORA DANYCH OSOBOWYCH SPORZ\u0104DZONA NA PODSTAWIE ART. 13 UST. 1 i 2 OG\u00d3LNEGO ROZPORZ\u0104DZENIA O OCHRONIE DANYCH (RODO) W zwi\u0105zku z wej\u015bciem w \u017cycie i konieczno\u015bci\u0105 stosowania Rozporz\u0105dzenia Parlamentu Europejskiego i Rady (UE) 2016\/679 z dnia 27 kwietnia 2016 r. w sprawie ochrony os\u00f3b fizycznych w zwi\u0105zku z przetwarzaniem\u2026","rel":"","context":"Podobny wpis","block_context":{"text":"Podobny wpis","link":""},"img":{"alt_text":"","src":"","width":0,"height":0},"classes":[]},{"id":8251,"url":"https:\/\/przemysldrzewny.eu\/index.php\/sklep-2\/","url_meta":{"origin":11,"position":1},"title":"Sklep","author":"forestor","date":"23 pa\u017adziernika 2021","format":false,"excerpt":"","rel":"","context":"Podobny wpis","block_context":{"text":"Podobny wpis","link":""},"img":{"alt_text":"","src":"","width":0,"height":0},"classes":[]},{"id":8256,"url":"https:\/\/przemysldrzewny.eu\/index.php\/sklep-3\/","url_meta":{"origin":11,"position":2},"title":"Sklep","author":"forestor","date":"30 pa\u017adziernika 2021","format":false,"excerpt":"","rel":"","context":"Podobny wpis","block_context":{"text":"Podobny wpis","link":""},"img":{"alt_text":"","src":"","width":0,"height":0},"classes":[]},{"id":10653,"url":"https:\/\/przemysldrzewny.eu\/index.php\/sklep-4\/","url_meta":{"origin":11,"position":3},"title":"SKLEP","author":"forestor","date":"11 listopada 2021","format":false,"excerpt":"Najcz\u0119\u015bciej kupowane produkty wydawnictwa:","rel":"","context":"Podobny wpis","block_context":{"text":"Podobny wpis","link":""},"img":{"alt_text":"","src":"","width":0,"height":0},"classes":[]},{"id":7219,"url":"https:\/\/przemysldrzewny.eu\/index.php\/regulamin-sklepu-internetowego-forestor\/","url_meta":{"origin":11,"position":4},"title":"Regulamin sklepu internetowego Forestor","author":"forestor","date":"16 sierpnia 2020","format":false,"excerpt":"Regulamin sklepu internetowego \u201ewww.przemysldrzewny.eu\u201d \u00a71 Podstawowe definicje \u00a72 Postanowienia og\u00f3lne \u00a73 Warunki \u015bwiadczenia us\u0142ug \u00a74 Warunki umowy \u00a75 Realizacja zam\u00f3wienia \u00a76 Dostawa \u00a77 Metody p\u0142atno\u015bci \u00a78 R\u0119kojmia \u00a79 Odst\u0105pienie \u00a710 Post\u0119powanie reklamacyjne \u00a711 Odpowiedzialno\u015b\u0107 \u00a712 Pozas\u0105dowe sposoby rozpatrywania reklamacji i dochodzenia roszcze\u0144 \u00a713 Postanowienia dotycz\u0105ce przedsi\u0119biorc\u00f3w \u00a714 Postanowienia ko\u0144cowe Wst\u0119p\u2026","rel":"","context":"Podobny wpis","block_context":{"text":"Podobny wpis","link":""},"img":{"alt_text":"","src":"","width":0,"height":0},"classes":[]},{"id":172,"url":"https:\/\/przemysldrzewny.eu\/index.php\/172-2\/","url_meta":{"origin":11,"position":5},"title":"formularz zam\u00f3wienia","author":"forestor","date":"21 grudnia 2012","format":false,"excerpt":"Wype\u0142nij formularz \u0141adowanie... Administratorem danych osobowych, w rozumieniu ustawy o ochronie danych osobowych z dnia 29 sierpnia 1997 r. (Dz.U. z 2002 r. nr 101 poz. 926 z p\u00f3\u017an. zm.) jest Forestor Communication Ma\u0142gorzata Wnorowska. z siedzib\u0105 w Warszawie przy ul. \u0141ukowej 9 lok 79, , posiadaj\u0105cy numer NIP 953-231-17-45,\u2026","rel":"","context":"Podobny wpis","block_context":{"text":"Podobny wpis","link":""},"img":{"alt_text":"","src":"","width":0,"height":0},"classes":[]}],"_links":{"self":[{"href":"https:\/\/przemysldrzewny.eu\/index.php\/wp-json\/wp\/v2\/pages\/11","targetHints":{"allow":["GET"]}}],"collection":[{"href":"https:\/\/przemysldrzewny.eu\/index.php\/wp-json\/wp\/v2\/pages"}],"about":[{"href":"https:\/\/przemysldrzewny.eu\/index.php\/wp-json\/wp\/v2\/types\/page"}],"author":[{"embeddable":true,"href":"https:\/\/przemysldrzewny.eu\/index.php\/wp-json\/wp\/v2\/users\/2"}],"replies":[{"embeddable":true,"href":"https:\/\/przemysldrzewny.eu\/index.php\/wp-json\/wp\/v2\/comments?post=11"}],"version-history":[{"count":15,"href":"https:\/\/przemysldrzewny.eu\/index.php\/wp-json\/wp\/v2\/pages\/11\/revisions"}],"predecessor-version":[{"id":14509,"href":"https:\/\/przemysldrzewny.eu\/index.php\/wp-json\/wp\/v2\/pages\/11\/revisions\/14509"}],"wp:attachment":[{"href":"https:\/\/przemysldrzewny.eu\/index.php\/wp-json\/wp\/v2\/media?parent=11"}],"curies":[{"name":"wp","href":"https:\/\/api.w.org\/{rel}","templated":true}]}}