{"id":10635,"date":"2021-08-08T15:10:15","date_gmt":"2021-08-08T13:10:15","guid":{"rendered":"https:\/\/przemysldrzewny.eu\/?post_type=product&#038;p=10635"},"modified":"2021-11-11T16:44:13","modified_gmt":"2021-11-11T15:44:13","slug":"przemysl-drzewny-nr-3-2021-wydanie-elektroniczne","status":"publish","type":"product","link":"https:\/\/przemysldrzewny.eu\/index.php\/produkt\/przemysl-drzewny-nr-3-2021-wydanie-elektroniczne\/","title":{"rendered":"Przemys\u0142 Drzewny nr 3\/2021. Wydanie elektroniczne"},"content":{"rendered":"\r\n<p>Kwartalnik 'Przemys\u0142 Drzewny. Research&amp;Development&#8217;. Wydanie 3\/2021 (lipiec, sierpie\u0144, wrzesie\u0144 2021) ukaza\u0142o si\u0119 w 24 sierpnia 2021 r. Tradycyjnie zawiera 80 stron z informacjami o najnowszych inwestycjach w kraju, wa\u017cnych wydarzeniach na \u015bwiatowych rynkach drzewnych, analiz\u0119 cen surowca drzewnego. Najwi\u0119ksz\u0105 popularno\u015bci\u0105 cieszy si\u0119 'Raport na temat rynku programu ogrodowegow  Polsce&#8217;. Przygotowano go na podstawie danych zebranych przez Forestor Communication.<\/p>\r\n","protected":false},"excerpt":{"rendered":"<p>Kwartalnik 'Przemys\u0142 Drzewny. Research&amp;Development&#8217;. Wydanie 3\/2021 (lipiec, sierpie\u0144, wrzesie\u0144 2021) ukaza\u0142o si\u0119 w 24 sierpnia 2021 r. Tradycyjnie zawiera 80 stron z informacjami o najnowszych inwestycjach w kraju, wa\u017cnych wydarzeniach [&hellip;]<\/p>\n","protected":false},"featured_media":10624,"template":"","meta":[],"product_brand":[],"product_cat":[415,418],"product_tag":[],"class_list":{"0":"post-10635","1":"product","2":"type-product","3":"status-publish","4":"has-post-thumbnail","6":"product_cat-wydania-elektroniczne","7":"product_cat-kwartalnik","8":"product_shipping_class-elektroniczna","10":"first","11":"instock","12":"downloadable","13":"taxable","14":"shipping-taxable","15":"purchasable","16":"product-type-simple"},"jetpack_likes_enabled":true,"jetpack_sharing_enabled":true,"jetpack-related-posts":[{"id":78,"url":"https:\/\/przemysldrzewny.eu\/index.php\/produkt\/przemysl-drzewny-nr-4-2020-wydanie-elektroniczne\/","url_meta":{"origin":10635,"position":0},"title":"Przemys\u0142 Drzewny nr 4\/2020. Wydanie elektroniczne","author":"forestor","date":"23 pa\u017adziernika 2020","format":false,"excerpt":"Kwartalnik 'Przemys\u0142 Drzewny. Research&Development'. Wydanie 4\/2020 (pa\u017adziernik, listopad, grudzie\u0144 2020) ukaza\u0142o si\u0119 w 24 listopada 2020 r. Tradycyjnie zawiera 80 stron z informacjami o najnowszych inwestycjach w kraju, wa\u017cnych wydarzeniach na \u015bwiatowych rynkach drzewnych, analiz\u0119 cen surowca drzewnego. Najwi\u0119ksz\u0105 popularno\u015bci\u0105 cieszy si\u0119 'Raport 30 najwi\u0119kszych przedsi\u0119biorstw tartacznych w Polsce'. Przygotowano\u2026","rel":"","context":"Podobny wpis","block_context":{"text":"Podobny wpis","link":""},"img":{"alt_text":"","src":"https:\/\/i0.wp.com\/przemysldrzewny.eu\/wp-content\/uploads\/2021\/10\/PD_04_2020_okladka-724x1024-1.jpg?fit=724%2C1024&ssl=1&resize=350%2C200","width":350,"height":200,"srcset":"https:\/\/i0.wp.com\/przemysldrzewny.eu\/wp-content\/uploads\/2021\/10\/PD_04_2020_okladka-724x1024-1.jpg?fit=724%2C1024&ssl=1&resize=350%2C200 1x, https:\/\/i0.wp.com\/przemysldrzewny.eu\/wp-content\/uploads\/2021\/10\/PD_04_2020_okladka-724x1024-1.jpg?fit=724%2C1024&ssl=1&resize=525%2C300 1.5x, https:\/\/i0.wp.com\/przemysldrzewny.eu\/wp-content\/uploads\/2021\/10\/PD_04_2020_okladka-724x1024-1.jpg?fit=724%2C1024&ssl=1&resize=700%2C400 2x"},"classes":[]},{"id":11343,"url":"https:\/\/przemysldrzewny.eu\/index.php\/produkt\/przemysl-drzewny-3-2022-wydanie-elektroniczne\/","url_meta":{"origin":10635,"position":1},"title":"Przemys\u0142 Drzewny. Research&#038;Development nr 3\/2022 &#8211; wydanie elektroniczne","author":"forestor","date":"11 sierpnia 2022","format":false,"excerpt":"Przemys\u0142 drzewny to kwartalnik dla sektora le\u015bno-drzewnego. Bran\u017ca drzewna i jej ga\u0142\u0119zie: tartacznictwo, meblarstwo. produkcja stolarki otworowej, p\u0142yty drewnopochodne - to g\u0142owni czytelnicy naszego czasopisma. W numerze 3\/2022 znajd\u0105 unikalny raport produkcji drewna klejonego konstrukcyjnego w Polsce, analizy rynku, w tym prognozy dla cen surowca drzewnego. Polecamy felieton o wzro\u015bcie\u2026","rel":"","context":"Podobny wpis","block_context":{"text":"Podobny wpis","link":""},"img":{"alt_text":"","src":"https:\/\/i0.wp.com\/przemysldrzewny.eu\/wp-content\/uploads\/2022\/08\/PD_03_2022_OKLADKA.jpg?fit=849%2C1200&ssl=1&resize=350%2C200","width":350,"height":200,"srcset":"https:\/\/i0.wp.com\/przemysldrzewny.eu\/wp-content\/uploads\/2022\/08\/PD_03_2022_OKLADKA.jpg?fit=849%2C1200&ssl=1&resize=350%2C200 1x, https:\/\/i0.wp.com\/przemysldrzewny.eu\/wp-content\/uploads\/2022\/08\/PD_03_2022_OKLADKA.jpg?fit=849%2C1200&ssl=1&resize=525%2C300 1.5x, https:\/\/i0.wp.com\/przemysldrzewny.eu\/wp-content\/uploads\/2022\/08\/PD_03_2022_OKLADKA.jpg?fit=849%2C1200&ssl=1&resize=700%2C400 2x"},"classes":[]},{"id":10902,"url":"https:\/\/przemysldrzewny.eu\/index.php\/produkt\/przemysl-drzewny-researchdevelopment-nr-1-2022-wydanie-elektroniczne\/","url_meta":{"origin":10635,"position":2},"title":"Przemys\u0142 Drzewny. Research&#038;Development nr 1\/2022 &#8211; wydanie elektroniczne","author":"forestor","date":"15 lutego 2022","format":false,"excerpt":"Kwartalnik 'Przemys\u0142 Drzewny. Research&Development'. Wydanie 1\/2022 (styczen, luty, marzec 2022) ukaza\u0142o si\u0119 w 15 lutego 2022r. Tradycyjnie zawiera ponad 80 stron z informacjami o najnowszych inwestycjach w kraju, wa\u017cnych wydarzeniach na \u015bwiatowych rynkach drzewnych, analiz\u0119 cen surowca drzewnego. Najwi\u0119ksz\u0105 popularno\u015bci\u0105 cieszy si\u0119 'Raport rynku p\u0142yt drewnopochodnych'. Przygotowano go na podstawie\u2026","rel":"","context":"Podobny wpis","block_context":{"text":"Podobny wpis","link":""},"img":{"alt_text":"","src":"https:\/\/i0.wp.com\/przemysldrzewny.eu\/wp-content\/uploads\/2022\/02\/PD_01_2022_OKLADKA.jpg?fit=849%2C1200&ssl=1&resize=350%2C200","width":350,"height":200,"srcset":"https:\/\/i0.wp.com\/przemysldrzewny.eu\/wp-content\/uploads\/2022\/02\/PD_01_2022_OKLADKA.jpg?fit=849%2C1200&ssl=1&resize=350%2C200 1x, https:\/\/i0.wp.com\/przemysldrzewny.eu\/wp-content\/uploads\/2022\/02\/PD_01_2022_OKLADKA.jpg?fit=849%2C1200&ssl=1&resize=525%2C300 1.5x, https:\/\/i0.wp.com\/przemysldrzewny.eu\/wp-content\/uploads\/2022\/02\/PD_01_2022_OKLADKA.jpg?fit=849%2C1200&ssl=1&resize=700%2C400 2x"},"classes":[]},{"id":74,"url":"https:\/\/przemysldrzewny.eu\/index.php\/produkt\/przemysl-drzewny-nr-2-2020-wydanie-elektroniczne\/","url_meta":{"origin":10635,"position":3},"title":"Przemys\u0142 Drzewny nr 2\/2020 &#8211; wydanie elektroniczne","author":"forestor","date":"23 maja 2020","format":false,"excerpt":"Numer 2\/2020 ukaza\u0142 si\u0119 15 maja 2020. Zawiera m.in. raport najwi\u0119kszych producent\u00f3w palet drewnianych w Polsce.","rel":"","context":"Podobny wpis","block_context":{"text":"Podobny wpis","link":""},"img":{"alt_text":"","src":"https:\/\/i0.wp.com\/przemysldrzewny.eu\/wp-content\/uploads\/2021\/10\/PD2_2020_e.jpg?fit=1200%2C1200&ssl=1&resize=350%2C200","width":350,"height":200,"srcset":"https:\/\/i0.wp.com\/przemysldrzewny.eu\/wp-content\/uploads\/2021\/10\/PD2_2020_e.jpg?fit=1200%2C1200&ssl=1&resize=350%2C200 1x, https:\/\/i0.wp.com\/przemysldrzewny.eu\/wp-content\/uploads\/2021\/10\/PD2_2020_e.jpg?fit=1200%2C1200&ssl=1&resize=525%2C300 1.5x, https:\/\/i0.wp.com\/przemysldrzewny.eu\/wp-content\/uploads\/2021\/10\/PD2_2020_e.jpg?fit=1200%2C1200&ssl=1&resize=700%2C400 2x, https:\/\/i0.wp.com\/przemysldrzewny.eu\/wp-content\/uploads\/2021\/10\/PD2_2020_e.jpg?fit=1200%2C1200&ssl=1&resize=1050%2C600 3x"},"classes":[]},{"id":13571,"url":"https:\/\/przemysldrzewny.eu\/index.php\/produkt\/przemysl-drzewny-researchdevelopment-nr-1-2025-wydanie-elektroniczne\/","url_meta":{"origin":10635,"position":4},"title":"Przemys\u0142 Drzewny. Research&#038;Development nr 1\/2025 &#8211; wydanie elektroniczne","author":"forestor","date":"10 lutego 2025","format":false,"excerpt":"Przemys\u0142 drzewny to kwartalnik dla sektora le\u015bno-drzewnego. Bran\u017ca drzewna i jej ga\u0142\u0119zie: tartacznictwo, meblarstwo. produkcja stolarki otworowej, p\u0142yty drewnopochodne - to g\u0142owni czytelnicy naszego czasopisma. W numerze 1\/2025 znajd\u0105 raport rynku budownictwa drewnianego, prefabrykacji, stolarki otworowej, analizy rynku, w tym prognozy dla cen surowca drzewnego. Polecamy analizy cen drewna okr\u0105g\u0142ego\u2026","rel":"","context":"Podobny wpis","block_context":{"text":"Podobny wpis","link":""},"img":{"alt_text":"","src":"https:\/\/i0.wp.com\/przemysldrzewny.eu\/wp-content\/uploads\/2025\/02\/PD_01_2025_OKLADKA.jpg?fit=848%2C1200&ssl=1&resize=350%2C200","width":350,"height":200,"srcset":"https:\/\/i0.wp.com\/przemysldrzewny.eu\/wp-content\/uploads\/2025\/02\/PD_01_2025_OKLADKA.jpg?fit=848%2C1200&ssl=1&resize=350%2C200 1x, https:\/\/i0.wp.com\/przemysldrzewny.eu\/wp-content\/uploads\/2025\/02\/PD_01_2025_OKLADKA.jpg?fit=848%2C1200&ssl=1&resize=525%2C300 1.5x, https:\/\/i0.wp.com\/przemysldrzewny.eu\/wp-content\/uploads\/2025\/02\/PD_01_2025_OKLADKA.jpg?fit=848%2C1200&ssl=1&resize=700%2C400 2x"},"classes":[]},{"id":11593,"url":"https:\/\/przemysldrzewny.eu\/index.php\/produkt\/przemysl-drzewny-researchdevelopment-nr-4-2022-wydanie-elektroniczne\/","url_meta":{"origin":10635,"position":5},"title":"Przemys\u0142 Drzewny. Research&#038;Development nr 4\/2022 &#8211; wydanie elektroniczne","author":"forestor","date":"22 listopada 2022","format":false,"excerpt":"Przemys\u0142 drzewny to kwartalnik dla sektora le\u015bno-drzewnego. Bran\u017ca drzewna i jej ga\u0142\u0119zie: tartacznictwo, meblarstwo. produkcja stolarki otworowej, p\u0142yty drewnopochodne - to g\u0142owni czytelnicy naszego czasopisma. W numerze 4\/2022 znajd\u0105 unikalny raport najwi\u0119kszych tartak\u00f3w w Polsce, analizy rynku, w tym prognozy dla cen surowca drzewnego. Polecamy analizy rynku p\u0142yt drewnopochodnych oraz\u2026","rel":"","context":"Podobny wpis","block_context":{"text":"Podobny wpis","link":""},"img":{"alt_text":"","src":"https:\/\/i0.wp.com\/przemysldrzewny.eu\/wp-content\/uploads\/2022\/11\/PD_04_2022_OKLADKA.jpg?fit=848%2C1200&ssl=1&resize=350%2C200","width":350,"height":200,"srcset":"https:\/\/i0.wp.com\/przemysldrzewny.eu\/wp-content\/uploads\/2022\/11\/PD_04_2022_OKLADKA.jpg?fit=848%2C1200&ssl=1&resize=350%2C200 1x, https:\/\/i0.wp.com\/przemysldrzewny.eu\/wp-content\/uploads\/2022\/11\/PD_04_2022_OKLADKA.jpg?fit=848%2C1200&ssl=1&resize=525%2C300 1.5x, https:\/\/i0.wp.com\/przemysldrzewny.eu\/wp-content\/uploads\/2022\/11\/PD_04_2022_OKLADKA.jpg?fit=848%2C1200&ssl=1&resize=700%2C400 2x"},"classes":[]}],"_links":{"self":[{"href":"https:\/\/przemysldrzewny.eu\/index.php\/wp-json\/wp\/v2\/product\/10635","targetHints":{"allow":["GET"]}}],"collection":[{"href":"https:\/\/przemysldrzewny.eu\/index.php\/wp-json\/wp\/v2\/product"}],"about":[{"href":"https:\/\/przemysldrzewny.eu\/index.php\/wp-json\/wp\/v2\/types\/product"}],"wp:featuredmedia":[{"embeddable":true,"href":"https:\/\/przemysldrzewny.eu\/index.php\/wp-json\/wp\/v2\/media\/10624"}],"wp:attachment":[{"href":"https:\/\/przemysldrzewny.eu\/index.php\/wp-json\/wp\/v2\/media?parent=10635"}],"wp:term":[{"taxonomy":"product_brand","embeddable":true,"href":"https:\/\/przemysldrzewny.eu\/index.php\/wp-json\/wp\/v2\/product_brand?post=10635"},{"taxonomy":"product_cat","embeddable":true,"href":"https:\/\/przemysldrzewny.eu\/index.php\/wp-json\/wp\/v2\/product_cat?post=10635"},{"taxonomy":"product_tag","embeddable":true,"href":"https:\/\/przemysldrzewny.eu\/index.php\/wp-json\/wp\/v2\/product_tag?post=10635"}],"curies":[{"name":"wp","href":"https:\/\/api.w.org\/{rel}","templated":true}]}}