{"id":10691,"date":"2021-11-11T17:54:03","date_gmt":"2021-11-11T16:54:03","guid":{"rendered":"https:\/\/przemysldrzewny.eu\/?post_type=product&#038;p=10691"},"modified":"2022-02-16T12:15:08","modified_gmt":"2022-02-16T11:15:08","slug":"przemysl-drzewny-researchdevelopment-nr-4-2021-wydanie-elektroniczne-2","status":"publish","type":"product","link":"https:\/\/przemysldrzewny.eu\/index.php\/produkt\/przemysl-drzewny-researchdevelopment-nr-4-2021-wydanie-elektroniczne-2\/","title":{"rendered":"Przemys\u0142 Drzewny. Research&#038;Development nr 4\/2021 &#8211; wydanie elektroniczne"},"content":{"rendered":"\r\n<p>Kwartalnik 'Przemys\u0142 Drzewny. Research&amp;Development&#8217;. Wydanie 4\/2021 (pa\u017adziernik, listopad, grudzie\u0144 2021) ukaza\u0142o si\u0119 w 8 listopada 2021 r. Tradycyjnie zawiera ponad 80 stron z informacjami o najnowszych inwestycjach w kraju, wa\u017cnych wydarzeniach na \u015bwiatowych rynkach drzewnych, analiz\u0119 cen surowca drzewnego. Najwi\u0119ksz\u0105 popularno\u015bci\u0105 cieszy si\u0119 'Raport najwi\u0119kszych tartak\u00f3w w Polsce&#8217;. Przygotowano go na podstawie danych zebranych przez Forestor Communication.<\/p>\r\n\r\n<p>W numerze: 08 Inwestycje w Polsce 8 Fa\u0142kowo: Bovelli Bedding pierwszym inwestorem w SSE. 8 Stryk\u00f3w: Janmar Centrum b\u0119dzie mie\u0107 drug\u0105 fabryk\u0119 tektury. 8 S\u0142onawy: Pozbud wydzieli\u0142 zak\u0142ad produkcyjny stolarki otworowej. 9 Turek: Flokk buduje now\u0105 hal\u0119 produkcyjno-magazynow\u0105. 9 Elbl\u0105g: Extom-Meble ze wsparciem na budow\u0119zak\u0142adu produkcji mebli. 9 Olsztyn: Koopress przeznaczy 60 mln z\u0142 na nowy zak\u0142ad. 9 Bydgoszcz: STWD b\u0119dzie produkowa\u0107 kastomizowane meble z drewna. 10 Mi\u0144sk Mazowiecki: ZMJ Jab\u0142o\u0144scy ze wsparciem z Norwegii na produkcj\u0119 maszyn. 10 Ostr\u00f3w Mazowiecka: Forte inwestuje w platform\u0119 Yestersen. 10 Nowe Miasto Lubawskie: Jawor Parkiet uruchomi\u0142 lini\u0119 deski hybrydowej. 10 \u017bary: Swiss Krono ma nowe centrum logistyczne. 12 Ze \u015bwiata: 12 Szwajcaria: 230 mieszka\u0144 w domach prefabrykowanych dla uchod\u017ac\u00f3w. 12 \u0141otwa: Rettenemeier planuje du\u017ce inwestycje. 13 Szkocja: Pi\u0119trowy dom modu\u0142owy w ramach projektu COP. 13 Stany Zjednoczone: Canfor korzysta z zach\u0119t rz\u0105dowych i buduje tartak w Luizjanie. 13 Rosja: Import mebli wzr\u00f3s\u0142 o 34,4%, ale eksport a\u017c o 83,3%. 14 Stany Zjednoczone: Tempo wzrostu sprzeda\u017cy mebli utrzyma si\u0119 na poziomie 2,7% do 2025 r. 14 Wielka Brytania: Budownictwo szkieletowe podwoi si\u0119, aby sprosta\u0107 celom rz\u0105dowym. 15 Rosja: Segezha zyska\u0142a dost\u0119p do 23,6 mln m3 drewna okr\u0105g\u0142ego. 15 UE: Kartel w zak\u0142adach papierniczych? 15 Hiszpania: Egoin najwi\u0119kszym producentem CLT. 15 Rosja: Czerwony Pa\u017adziernik inwestuje w produkcj\u0119 sklejki. 16 Wielka Brytania: Binderholz przej\u0105\u0142 najwi\u0119ksz\u0105 brytyjsk\u0105 grup\u0119 tartaczn\u0105. 16 Austria: HS Timber wybuduje tartak w Argentynie. 16 Litwa: Ekornes rozbudowuje zak\u0142ad meblowy na Litwie. 17 Turcja: Ikea rozwa\u017ca zwi\u0119kszenie produkcji w Turcji kosztem Dalekiego Wschodu. 17 Rosja: Sudoma \u2013 najwi\u0119kszy zak\u0142ad prefabrykat\u00f3w meblowych w Pskowie. 18 Rynek surowca. 18 Ceny drewna: przez Polsk\u0119 przeszed\u0142 ameryka\u0144ski tajfun. 22 Nowe zasady sprzeda\u017cy drewna punktuj\u0105 przer\u00f3b. 24 Wp\u0142yw czynnik\u00f3w globalnych na polski rynek drewna konstrukcyjnego. 38 Inwestycje. W ci\u0105gu dekady produkcja termodrewna wzros\u0142a ponaddwukrotnie. 48 Budownictwo drewniane. KVH to g\u0142\u00f3wny kierunek rozwoju najwi\u0119kszych europejskich tartak\u00f3w. 58 WYWIAD. Tartak w Rytlu z certyfikatem KVH. Rozmowa z \u0141ukaszem Otlewskim, dyrektorem sprzeda\u017cy KB Sp. z o.o. 62 Technologie. Bezpieczne drewno w budownictwie \u2013 ochrona przed dzia\u0142aniem ognia. 64 EKOLOGIA. 64 Europa mia\u0142a stawia\u0107 na zielone surowce, a chce ograniczy\u0107 pozyskanie drewna. 68 Spalanie biomasy drzewnej nie uratuje naszej planety od emisji CO2. Co dalej z produkcj\u0105 pelletu? 74 MEBLARSTWO. Meble dro\u017cej\u0105, klienci rezygnuj\u0105. Rozmowa z Micha\u0142em Strzeleckim, dyrektorem biura OIGPM. 78 WYDARZENIA 78 Jubileusz EPAL. 80 DREMA: powr\u00f3t z przestrzeni wirtualnej do spotka\u0144 twarz\u0105 w twarz. 82 Gatunki drewna Osanga \u2013 drewno egzotyczne z Afryki 86 Dzia\u0142 personalny Kto jest kim w sektorze le\u015bno-drzewnym?<\/p>","protected":false},"excerpt":{"rendered":"<p>Kwartalnik 'Przemys\u0142 Drzewny. Research&amp;Development&#8217;. Wydanie 4\/2021 (pa\u017adziernik, listopad, grudzie\u0144 2021) ukaza\u0142o si\u0119 w 8 listopada 2021 r. Tradycyjnie zawiera ponad 80 stron z informacjami o najnowszych inwestycjach w kraju, wa\u017cnych [&hellip;]<\/p>\n","protected":false},"featured_media":10694,"template":"","meta":[],"product_brand":[],"product_cat":[415,418],"product_tag":[],"class_list":{"0":"post-10691","1":"product","2":"type-product","3":"status-publish","4":"has-post-thumbnail","6":"product_cat-wydania-elektroniczne","7":"product_cat-kwartalnik","8":"product_shipping_class-elektroniczna","10":"first","11":"instock","12":"downloadable","13":"taxable","14":"shipping-taxable","15":"purchasable","16":"product-type-simple"},"jetpack_likes_enabled":true,"jetpack_sharing_enabled":true,"jetpack-related-posts":[{"id":78,"url":"https:\/\/przemysldrzewny.eu\/index.php\/produkt\/przemysl-drzewny-nr-4-2020-wydanie-elektroniczne\/","url_meta":{"origin":10691,"position":0},"title":"Przemys\u0142 Drzewny nr 4\/2020. Wydanie elektroniczne","author":"forestor","date":"23 pa\u017adziernika 2020","format":false,"excerpt":"Kwartalnik 'Przemys\u0142 Drzewny. Research&Development'. Wydanie 4\/2020 (pa\u017adziernik, listopad, grudzie\u0144 2020) ukaza\u0142o si\u0119 w 24 listopada 2020 r. Tradycyjnie zawiera 80 stron z informacjami o najnowszych inwestycjach w kraju, wa\u017cnych wydarzeniach na \u015bwiatowych rynkach drzewnych, analiz\u0119 cen surowca drzewnego. Najwi\u0119ksz\u0105 popularno\u015bci\u0105 cieszy si\u0119 'Raport 30 najwi\u0119kszych przedsi\u0119biorstw tartacznych w Polsce'. Przygotowano\u2026","rel":"","context":"Podobny wpis","block_context":{"text":"Podobny wpis","link":""},"img":{"alt_text":"","src":"https:\/\/i0.wp.com\/przemysldrzewny.eu\/wp-content\/uploads\/2021\/10\/PD_04_2020_okladka-724x1024-1.jpg?fit=724%2C1024&ssl=1&resize=350%2C200","width":350,"height":200,"srcset":"https:\/\/i0.wp.com\/przemysldrzewny.eu\/wp-content\/uploads\/2021\/10\/PD_04_2020_okladka-724x1024-1.jpg?fit=724%2C1024&ssl=1&resize=350%2C200 1x, https:\/\/i0.wp.com\/przemysldrzewny.eu\/wp-content\/uploads\/2021\/10\/PD_04_2020_okladka-724x1024-1.jpg?fit=724%2C1024&ssl=1&resize=525%2C300 1.5x, https:\/\/i0.wp.com\/przemysldrzewny.eu\/wp-content\/uploads\/2021\/10\/PD_04_2020_okladka-724x1024-1.jpg?fit=724%2C1024&ssl=1&resize=700%2C400 2x"},"classes":[]},{"id":10635,"url":"https:\/\/przemysldrzewny.eu\/index.php\/produkt\/przemysl-drzewny-nr-3-2021-wydanie-elektroniczne\/","url_meta":{"origin":10691,"position":1},"title":"Przemys\u0142 Drzewny nr 3\/2021. Wydanie elektroniczne","author":"forestor","date":"8 sierpnia 2021","format":false,"excerpt":"Kwartalnik 'Przemys\u0142 Drzewny. Research&Development'. Wydanie 3\/2021 (lipiec, sierpie\u0144, wrzesie\u0144 2021) ukaza\u0142o si\u0119 w 24 sierpnia 2021 r. Tradycyjnie zawiera 80 stron z informacjami o najnowszych inwestycjach w kraju, wa\u017cnych wydarzeniach na \u015bwiatowych rynkach drzewnych, analiz\u0119 cen surowca drzewnego. Najwi\u0119ksz\u0105 popularno\u015bci\u0105 cieszy si\u0119 'Raport na temat rynku programu ogrodowegow Polsce'. Przygotowano\u2026","rel":"","context":"Podobny wpis","block_context":{"text":"Podobny wpis","link":""},"img":{"alt_text":"","src":"https:\/\/i0.wp.com\/przemysldrzewny.eu\/wp-content\/uploads\/2021\/11\/PD_03_2021_OKLADKA-1086x1536-1.jpg?fit=848%2C1200&ssl=1&resize=350%2C200","width":350,"height":200,"srcset":"https:\/\/i0.wp.com\/przemysldrzewny.eu\/wp-content\/uploads\/2021\/11\/PD_03_2021_OKLADKA-1086x1536-1.jpg?fit=848%2C1200&ssl=1&resize=350%2C200 1x, https:\/\/i0.wp.com\/przemysldrzewny.eu\/wp-content\/uploads\/2021\/11\/PD_03_2021_OKLADKA-1086x1536-1.jpg?fit=848%2C1200&ssl=1&resize=525%2C300 1.5x, https:\/\/i0.wp.com\/przemysldrzewny.eu\/wp-content\/uploads\/2021\/11\/PD_03_2021_OKLADKA-1086x1536-1.jpg?fit=848%2C1200&ssl=1&resize=700%2C400 2x"},"classes":[]},{"id":11343,"url":"https:\/\/przemysldrzewny.eu\/index.php\/produkt\/przemysl-drzewny-3-2022-wydanie-elektroniczne\/","url_meta":{"origin":10691,"position":2},"title":"Przemys\u0142 Drzewny. Research&#038;Development nr 3\/2022 &#8211; wydanie elektroniczne","author":"forestor","date":"11 sierpnia 2022","format":false,"excerpt":"Przemys\u0142 drzewny to kwartalnik dla sektora le\u015bno-drzewnego. Bran\u017ca drzewna i jej ga\u0142\u0119zie: tartacznictwo, meblarstwo. produkcja stolarki otworowej, p\u0142yty drewnopochodne - to g\u0142owni czytelnicy naszego czasopisma. W numerze 3\/2022 znajd\u0105 unikalny raport produkcji drewna klejonego konstrukcyjnego w Polsce, analizy rynku, w tym prognozy dla cen surowca drzewnego. Polecamy felieton o wzro\u015bcie\u2026","rel":"","context":"Podobny wpis","block_context":{"text":"Podobny wpis","link":""},"img":{"alt_text":"","src":"https:\/\/i0.wp.com\/przemysldrzewny.eu\/wp-content\/uploads\/2022\/08\/PD_03_2022_OKLADKA.jpg?fit=849%2C1200&ssl=1&resize=350%2C200","width":350,"height":200,"srcset":"https:\/\/i0.wp.com\/przemysldrzewny.eu\/wp-content\/uploads\/2022\/08\/PD_03_2022_OKLADKA.jpg?fit=849%2C1200&ssl=1&resize=350%2C200 1x, https:\/\/i0.wp.com\/przemysldrzewny.eu\/wp-content\/uploads\/2022\/08\/PD_03_2022_OKLADKA.jpg?fit=849%2C1200&ssl=1&resize=525%2C300 1.5x, https:\/\/i0.wp.com\/przemysldrzewny.eu\/wp-content\/uploads\/2022\/08\/PD_03_2022_OKLADKA.jpg?fit=849%2C1200&ssl=1&resize=700%2C400 2x"},"classes":[]},{"id":11593,"url":"https:\/\/przemysldrzewny.eu\/index.php\/produkt\/przemysl-drzewny-researchdevelopment-nr-4-2022-wydanie-elektroniczne\/","url_meta":{"origin":10691,"position":3},"title":"Przemys\u0142 Drzewny. Research&#038;Development nr 4\/2022 &#8211; wydanie elektroniczne","author":"forestor","date":"22 listopada 2022","format":false,"excerpt":"Przemys\u0142 drzewny to kwartalnik dla sektora le\u015bno-drzewnego. Bran\u017ca drzewna i jej ga\u0142\u0119zie: tartacznictwo, meblarstwo. produkcja stolarki otworowej, p\u0142yty drewnopochodne - to g\u0142owni czytelnicy naszego czasopisma. W numerze 4\/2022 znajd\u0105 unikalny raport najwi\u0119kszych tartak\u00f3w w Polsce, analizy rynku, w tym prognozy dla cen surowca drzewnego. Polecamy analizy rynku p\u0142yt drewnopochodnych oraz\u2026","rel":"","context":"Podobny wpis","block_context":{"text":"Podobny wpis","link":""},"img":{"alt_text":"","src":"https:\/\/i0.wp.com\/przemysldrzewny.eu\/wp-content\/uploads\/2022\/11\/PD_04_2022_OKLADKA.jpg?fit=848%2C1200&ssl=1&resize=350%2C200","width":350,"height":200,"srcset":"https:\/\/i0.wp.com\/przemysldrzewny.eu\/wp-content\/uploads\/2022\/11\/PD_04_2022_OKLADKA.jpg?fit=848%2C1200&ssl=1&resize=350%2C200 1x, https:\/\/i0.wp.com\/przemysldrzewny.eu\/wp-content\/uploads\/2022\/11\/PD_04_2022_OKLADKA.jpg?fit=848%2C1200&ssl=1&resize=525%2C300 1.5x, https:\/\/i0.wp.com\/przemysldrzewny.eu\/wp-content\/uploads\/2022\/11\/PD_04_2022_OKLADKA.jpg?fit=848%2C1200&ssl=1&resize=700%2C400 2x"},"classes":[]},{"id":10902,"url":"https:\/\/przemysldrzewny.eu\/index.php\/produkt\/przemysl-drzewny-researchdevelopment-nr-1-2022-wydanie-elektroniczne\/","url_meta":{"origin":10691,"position":4},"title":"Przemys\u0142 Drzewny. Research&#038;Development nr 1\/2022 &#8211; wydanie elektroniczne","author":"forestor","date":"15 lutego 2022","format":false,"excerpt":"Kwartalnik 'Przemys\u0142 Drzewny. Research&Development'. Wydanie 1\/2022 (styczen, luty, marzec 2022) ukaza\u0142o si\u0119 w 15 lutego 2022r. Tradycyjnie zawiera ponad 80 stron z informacjami o najnowszych inwestycjach w kraju, wa\u017cnych wydarzeniach na \u015bwiatowych rynkach drzewnych, analiz\u0119 cen surowca drzewnego. Najwi\u0119ksz\u0105 popularno\u015bci\u0105 cieszy si\u0119 'Raport rynku p\u0142yt drewnopochodnych'. Przygotowano go na podstawie\u2026","rel":"","context":"Podobny wpis","block_context":{"text":"Podobny wpis","link":""},"img":{"alt_text":"","src":"https:\/\/i0.wp.com\/przemysldrzewny.eu\/wp-content\/uploads\/2022\/02\/PD_01_2022_OKLADKA.jpg?fit=849%2C1200&ssl=1&resize=350%2C200","width":350,"height":200,"srcset":"https:\/\/i0.wp.com\/przemysldrzewny.eu\/wp-content\/uploads\/2022\/02\/PD_01_2022_OKLADKA.jpg?fit=849%2C1200&ssl=1&resize=350%2C200 1x, https:\/\/i0.wp.com\/przemysldrzewny.eu\/wp-content\/uploads\/2022\/02\/PD_01_2022_OKLADKA.jpg?fit=849%2C1200&ssl=1&resize=525%2C300 1.5x, https:\/\/i0.wp.com\/przemysldrzewny.eu\/wp-content\/uploads\/2022\/02\/PD_01_2022_OKLADKA.jpg?fit=849%2C1200&ssl=1&resize=700%2C400 2x"},"classes":[]},{"id":13571,"url":"https:\/\/przemysldrzewny.eu\/index.php\/produkt\/przemysl-drzewny-researchdevelopment-nr-1-2025-wydanie-elektroniczne\/","url_meta":{"origin":10691,"position":5},"title":"Przemys\u0142 Drzewny. Research&#038;Development nr 1\/2025 &#8211; wydanie elektroniczne","author":"forestor","date":"10 lutego 2025","format":false,"excerpt":"Przemys\u0142 drzewny to kwartalnik dla sektora le\u015bno-drzewnego. Bran\u017ca drzewna i jej ga\u0142\u0119zie: tartacznictwo, meblarstwo. produkcja stolarki otworowej, p\u0142yty drewnopochodne - to g\u0142owni czytelnicy naszego czasopisma. W numerze 1\/2025 znajd\u0105 raport rynku budownictwa drewnianego, prefabrykacji, stolarki otworowej, analizy rynku, w tym prognozy dla cen surowca drzewnego. Polecamy analizy cen drewna okr\u0105g\u0142ego\u2026","rel":"","context":"Podobny wpis","block_context":{"text":"Podobny wpis","link":""},"img":{"alt_text":"","src":"https:\/\/i0.wp.com\/przemysldrzewny.eu\/wp-content\/uploads\/2025\/02\/PD_01_2025_OKLADKA.jpg?fit=848%2C1200&ssl=1&resize=350%2C200","width":350,"height":200,"srcset":"https:\/\/i0.wp.com\/przemysldrzewny.eu\/wp-content\/uploads\/2025\/02\/PD_01_2025_OKLADKA.jpg?fit=848%2C1200&ssl=1&resize=350%2C200 1x, https:\/\/i0.wp.com\/przemysldrzewny.eu\/wp-content\/uploads\/2025\/02\/PD_01_2025_OKLADKA.jpg?fit=848%2C1200&ssl=1&resize=525%2C300 1.5x, https:\/\/i0.wp.com\/przemysldrzewny.eu\/wp-content\/uploads\/2025\/02\/PD_01_2025_OKLADKA.jpg?fit=848%2C1200&ssl=1&resize=700%2C400 2x"},"classes":[]}],"_links":{"self":[{"href":"https:\/\/przemysldrzewny.eu\/index.php\/wp-json\/wp\/v2\/product\/10691","targetHints":{"allow":["GET"]}}],"collection":[{"href":"https:\/\/przemysldrzewny.eu\/index.php\/wp-json\/wp\/v2\/product"}],"about":[{"href":"https:\/\/przemysldrzewny.eu\/index.php\/wp-json\/wp\/v2\/types\/product"}],"wp:featuredmedia":[{"embeddable":true,"href":"https:\/\/przemysldrzewny.eu\/index.php\/wp-json\/wp\/v2\/media\/10694"}],"wp:attachment":[{"href":"https:\/\/przemysldrzewny.eu\/index.php\/wp-json\/wp\/v2\/media?parent=10691"}],"wp:term":[{"taxonomy":"product_brand","embeddable":true,"href":"https:\/\/przemysldrzewny.eu\/index.php\/wp-json\/wp\/v2\/product_brand?post=10691"},{"taxonomy":"product_cat","embeddable":true,"href":"https:\/\/przemysldrzewny.eu\/index.php\/wp-json\/wp\/v2\/product_cat?post=10691"},{"taxonomy":"product_tag","embeddable":true,"href":"https:\/\/przemysldrzewny.eu\/index.php\/wp-json\/wp\/v2\/product_tag?post=10691"}],"curies":[{"name":"wp","href":"https:\/\/api.w.org\/{rel}","templated":true}]}}