{"id":11593,"date":"2022-11-22T11:14:28","date_gmt":"2022-11-22T10:14:28","guid":{"rendered":"https:\/\/przemysldrzewny.eu\/?post_type=product&#038;p=11593"},"modified":"2022-11-22T11:46:00","modified_gmt":"2022-11-22T10:46:00","slug":"przemysl-drzewny-researchdevelopment-nr-4-2022-wydanie-elektroniczne","status":"publish","type":"product","link":"https:\/\/przemysldrzewny.eu\/index.php\/produkt\/przemysl-drzewny-researchdevelopment-nr-4-2022-wydanie-elektroniczne\/","title":{"rendered":"Przemys\u0142 Drzewny. Research&#038;Development nr 4\/2022 &#8211; wydanie elektroniczne"},"content":{"rendered":"<p>Przemys\u0142 drzewny to kwartalnik dla sektora le\u015bno-drzewnego. Bran\u017ca drzewna i jej ga\u0142\u0119zie: tartacznictwo, meblarstwo. produkcja stolarki otworowej, p\u0142yty drewnopochodne &#8211; to g\u0142owni czytelnicy naszego czasopisma. W numerze 4\/2022 znajd\u0105 unikalny raport najwi\u0119kszych tartak\u00f3w w Polsce, analizy rynku, w tym prognozy dla cen surowca drzewnego. Polecamy analizy rynku p\u0142yt drewnopochodnych oraz bran\u017cy meblarskiej.\u00a0 Ponadto informacje o nowych inwestycjach, budowanych zak\u0142adach w Polsce i na \u015bwiecie.<\/p>\n","protected":false},"excerpt":{"rendered":"<p>Przemys\u0142 drzewny to kwartalnik dla sektora le\u015bno-drzewnego. Bran\u017ca drzewna i jej ga\u0142\u0119zie: tartacznictwo, meblarstwo. produkcja stolarki otworowej, p\u0142yty drewnopochodne &#8211; to g\u0142owni czytelnicy naszego czasopisma. W numerze 4\/2022 znajd\u0105 unikalny [&hellip;]<\/p>\n","protected":false},"featured_media":11596,"template":"","meta":[],"product_brand":[],"product_cat":[415,418],"product_tag":[442,411,413],"class_list":{"0":"post-11593","1":"product","2":"type-product","3":"status-publish","4":"has-post-thumbnail","6":"product_cat-wydania-elektroniczne","7":"product_cat-kwartalnik","8":"product_tag-pd4","9":"product_tag-przemysldrzewny","10":"product_tag-raport-tartakow","11":"product_shipping_class-elektroniczna","13":"first","14":"instock","15":"downloadable","16":"shipping-taxable","17":"purchasable","18":"product-type-simple"},"jetpack_likes_enabled":true,"jetpack_sharing_enabled":true,"jetpack-related-posts":[{"id":13571,"url":"https:\/\/przemysldrzewny.eu\/index.php\/produkt\/przemysl-drzewny-researchdevelopment-nr-1-2025-wydanie-elektroniczne\/","url_meta":{"origin":11593,"position":0},"title":"Przemys\u0142 Drzewny. Research&#038;Development nr 1\/2025 &#8211; wydanie elektroniczne","author":"forestor","date":"10 lutego 2025","format":false,"excerpt":"Przemys\u0142 drzewny to kwartalnik dla sektora le\u015bno-drzewnego. Bran\u017ca drzewna i jej ga\u0142\u0119zie: tartacznictwo, meblarstwo. produkcja stolarki otworowej, p\u0142yty drewnopochodne - to g\u0142owni czytelnicy naszego czasopisma. W numerze 1\/2025 znajd\u0105 raport rynku budownictwa drewnianego, prefabrykacji, stolarki otworowej, analizy rynku, w tym prognozy dla cen surowca drzewnego. Polecamy analizy cen drewna okr\u0105g\u0142ego\u2026","rel":"","context":"Podobny wpis","block_context":{"text":"Podobny wpis","link":""},"img":{"alt_text":"","src":"https:\/\/i0.wp.com\/przemysldrzewny.eu\/wp-content\/uploads\/2025\/02\/PD_01_2025_OKLADKA.jpg?fit=848%2C1200&ssl=1&resize=350%2C200","width":350,"height":200,"srcset":"https:\/\/i0.wp.com\/przemysldrzewny.eu\/wp-content\/uploads\/2025\/02\/PD_01_2025_OKLADKA.jpg?fit=848%2C1200&ssl=1&resize=350%2C200 1x, https:\/\/i0.wp.com\/przemysldrzewny.eu\/wp-content\/uploads\/2025\/02\/PD_01_2025_OKLADKA.jpg?fit=848%2C1200&ssl=1&resize=525%2C300 1.5x, https:\/\/i0.wp.com\/przemysldrzewny.eu\/wp-content\/uploads\/2025\/02\/PD_01_2025_OKLADKA.jpg?fit=848%2C1200&ssl=1&resize=700%2C400 2x"},"classes":[]},{"id":13787,"url":"https:\/\/przemysldrzewny.eu\/index.php\/produkt\/przemysl-drzewny-researchdevelopment-nr-2-2025-wydanie-elektroniczne\/","url_meta":{"origin":11593,"position":1},"title":"Przemys\u0142 Drzewny. Research&#038;Development nr 2\/2025 &#8211; wydanie elektroniczne","author":"forestor","date":"12 maja 2025","format":false,"excerpt":"Przemys\u0142 drzewny to kwartalnik dla sektora le\u015bno-drzewnego. Bran\u017ca drzewna i jej ga\u0142\u0119zie: tartacznictwo, meblarstwo. produkcja stolarki otworowej, p\u0142yty drewnopochodne - to g\u0142owni czytelnicy naszego czasopisma. W numerze 2\/2025 znajd\u0105 raport rynku rynku opakowa\u0144 drewnianych, szczeg\u00f3lnie palet, analizy rynku, w tym prognozy dla cen surowca drzewnego. Polecamy analizy cen drewna okr\u0105g\u0142ego\u2026","rel":"","context":"Podobny wpis","block_context":{"text":"Podobny wpis","link":""},"img":{"alt_text":"","src":"https:\/\/i0.wp.com\/przemysldrzewny.eu\/wp-content\/uploads\/2025\/05\/PD_02_2025_OKLADKA.jpg?fit=848%2C1200&ssl=1&resize=350%2C200","width":350,"height":200,"srcset":"https:\/\/i0.wp.com\/przemysldrzewny.eu\/wp-content\/uploads\/2025\/05\/PD_02_2025_OKLADKA.jpg?fit=848%2C1200&ssl=1&resize=350%2C200 1x, https:\/\/i0.wp.com\/przemysldrzewny.eu\/wp-content\/uploads\/2025\/05\/PD_02_2025_OKLADKA.jpg?fit=848%2C1200&ssl=1&resize=525%2C300 1.5x, https:\/\/i0.wp.com\/przemysldrzewny.eu\/wp-content\/uploads\/2025\/05\/PD_02_2025_OKLADKA.jpg?fit=848%2C1200&ssl=1&resize=700%2C400 2x"},"classes":[]},{"id":13096,"url":"https:\/\/przemysldrzewny.eu\/index.php\/produkt\/przemysl-drzewny-researchdevelopment-nr-3-2024-wydanie-elektroniczne\/","url_meta":{"origin":11593,"position":2},"title":"Przemys\u0142 Drzewny. Research&#038;Development nr 3\/2024 &#8211; wydanie elektroniczne","author":"forestor","date":"22 sierpnia 2024","format":false,"excerpt":"Przemys\u0142 drzewny to kwartalnik dla sektora le\u015bno-drzewnego. Bran\u017ca drzewna i jej ga\u0142\u0119zie: tartacznictwo, meblarstwo. produkcja stolarki otworowej, p\u0142yty drewnopochodne - to g\u0142owni czytelnicy naszego czasopisma. W numerze 3\/2024 znajd\u0105 raport rynku meblarskiego, analizy rynku, w tym prognozy dla cen surowca drzewnego. Polecamy analizy rynku pelletu oraz bran\u017cy meblarskiej.\u00a0 Ponadto informacje\u2026","rel":"","context":"Podobny wpis","block_context":{"text":"Podobny wpis","link":""},"img":{"alt_text":"","src":"https:\/\/i0.wp.com\/przemysldrzewny.eu\/wp-content\/uploads\/2024\/08\/PD_03_2024_OKLADKA-1.jpg?fit=848%2C1200&ssl=1&resize=350%2C200","width":350,"height":200,"srcset":"https:\/\/i0.wp.com\/przemysldrzewny.eu\/wp-content\/uploads\/2024\/08\/PD_03_2024_OKLADKA-1.jpg?fit=848%2C1200&ssl=1&resize=350%2C200 1x, https:\/\/i0.wp.com\/przemysldrzewny.eu\/wp-content\/uploads\/2024\/08\/PD_03_2024_OKLADKA-1.jpg?fit=848%2C1200&ssl=1&resize=525%2C300 1.5x, https:\/\/i0.wp.com\/przemysldrzewny.eu\/wp-content\/uploads\/2024\/08\/PD_03_2024_OKLADKA-1.jpg?fit=848%2C1200&ssl=1&resize=700%2C400 2x"},"classes":[]},{"id":13285,"url":"https:\/\/przemysldrzewny.eu\/index.php\/produkt\/przemysl-drzewny-researchdevelopment-nr-4-2024-wydanie-elektroniczne\/","url_meta":{"origin":11593,"position":3},"title":"Przemys\u0142 Drzewny. Research&#038;Development nr 4\/2024 &#8211; wydanie elektroniczne","author":"forestor","date":"18 listopada 2024","format":false,"excerpt":"Przemys\u0142 drzewny to kwartalnik dla sektora le\u015bno-drzewnego. Bran\u017ca drzewna i jej ga\u0142\u0119zie: tartacznictwo, meblarstwo. produkcja stolarki otworowej, p\u0142yty drewnopochodne - to g\u0142owni czytelnicy naszego czasopisma. W numerze 342024 znajd\u0105 raport rynku tartacznego, analizy rynku, w tym prognozy dla cen surowca drzewnego. Polecamy wywiad z Marcinem Polakiem z DGLP, prognozy poda\u017cy\u2026","rel":"","context":"Podobny wpis","block_context":{"text":"Podobny wpis","link":""},"img":{"alt_text":"","src":"https:\/\/i0.wp.com\/przemysldrzewny.eu\/wp-content\/uploads\/2024\/11\/PD_04_2024_OKLADKA.jpg?fit=848%2C1200&ssl=1&resize=350%2C200","width":350,"height":200,"srcset":"https:\/\/i0.wp.com\/przemysldrzewny.eu\/wp-content\/uploads\/2024\/11\/PD_04_2024_OKLADKA.jpg?fit=848%2C1200&ssl=1&resize=350%2C200 1x, https:\/\/i0.wp.com\/przemysldrzewny.eu\/wp-content\/uploads\/2024\/11\/PD_04_2024_OKLADKA.jpg?fit=848%2C1200&ssl=1&resize=525%2C300 1.5x, https:\/\/i0.wp.com\/przemysldrzewny.eu\/wp-content\/uploads\/2024\/11\/PD_04_2024_OKLADKA.jpg?fit=848%2C1200&ssl=1&resize=700%2C400 2x"},"classes":[]},{"id":11343,"url":"https:\/\/przemysldrzewny.eu\/index.php\/produkt\/przemysl-drzewny-3-2022-wydanie-elektroniczne\/","url_meta":{"origin":11593,"position":4},"title":"Przemys\u0142 Drzewny. Research&#038;Development nr 3\/2022 &#8211; wydanie elektroniczne","author":"forestor","date":"11 sierpnia 2022","format":false,"excerpt":"Przemys\u0142 drzewny to kwartalnik dla sektora le\u015bno-drzewnego. Bran\u017ca drzewna i jej ga\u0142\u0119zie: tartacznictwo, meblarstwo. produkcja stolarki otworowej, p\u0142yty drewnopochodne - to g\u0142owni czytelnicy naszego czasopisma. W numerze 3\/2022 znajd\u0105 unikalny raport produkcji drewna klejonego konstrukcyjnego w Polsce, analizy rynku, w tym prognozy dla cen surowca drzewnego. Polecamy felieton o wzro\u015bcie\u2026","rel":"","context":"Podobny wpis","block_context":{"text":"Podobny wpis","link":""},"img":{"alt_text":"","src":"https:\/\/i0.wp.com\/przemysldrzewny.eu\/wp-content\/uploads\/2022\/08\/PD_03_2022_OKLADKA.jpg?fit=849%2C1200&ssl=1&resize=350%2C200","width":350,"height":200,"srcset":"https:\/\/i0.wp.com\/przemysldrzewny.eu\/wp-content\/uploads\/2022\/08\/PD_03_2022_OKLADKA.jpg?fit=849%2C1200&ssl=1&resize=350%2C200 1x, https:\/\/i0.wp.com\/przemysldrzewny.eu\/wp-content\/uploads\/2022\/08\/PD_03_2022_OKLADKA.jpg?fit=849%2C1200&ssl=1&resize=525%2C300 1.5x, https:\/\/i0.wp.com\/przemysldrzewny.eu\/wp-content\/uploads\/2022\/08\/PD_03_2022_OKLADKA.jpg?fit=849%2C1200&ssl=1&resize=700%2C400 2x"},"classes":[]},{"id":14271,"url":"https:\/\/przemysldrzewny.eu\/index.php\/produkt\/przemysl-drzewny-researchdevelopment-nr-4-2025-wydanie-elektroniczne\/","url_meta":{"origin":11593,"position":5},"title":"Przemys\u0142 Drzewny. Research&#038;Development nr 4\/2025 &#8211; wydanie elektroniczne","author":"forestor","date":"3 listopada 2025","format":false,"excerpt":"Przemys\u0142 drzewny to kwartalnik dla sektora le\u015bno-drzewnego. Bran\u017ca drzewna i jej ga\u0142\u0119zie: tartacznictwo, meblarstwo. produkcja stolarki otworowej, p\u0142yty drewnopochodne - to g\u0142\u00f3wni czytelnicy naszego czasopisma. \u00a0","rel":"","context":"Podobny wpis","block_context":{"text":"Podobny wpis","link":""},"img":{"alt_text":"","src":"https:\/\/i0.wp.com\/przemysldrzewny.eu\/wp-content\/uploads\/2025\/11\/PD_04_2025_OKLADKA.jpg?fit=848%2C1200&ssl=1&resize=350%2C200","width":350,"height":200,"srcset":"https:\/\/i0.wp.com\/przemysldrzewny.eu\/wp-content\/uploads\/2025\/11\/PD_04_2025_OKLADKA.jpg?fit=848%2C1200&ssl=1&resize=350%2C200 1x, https:\/\/i0.wp.com\/przemysldrzewny.eu\/wp-content\/uploads\/2025\/11\/PD_04_2025_OKLADKA.jpg?fit=848%2C1200&ssl=1&resize=525%2C300 1.5x, https:\/\/i0.wp.com\/przemysldrzewny.eu\/wp-content\/uploads\/2025\/11\/PD_04_2025_OKLADKA.jpg?fit=848%2C1200&ssl=1&resize=700%2C400 2x"},"classes":[]}],"_links":{"self":[{"href":"https:\/\/przemysldrzewny.eu\/index.php\/wp-json\/wp\/v2\/product\/11593","targetHints":{"allow":["GET"]}}],"collection":[{"href":"https:\/\/przemysldrzewny.eu\/index.php\/wp-json\/wp\/v2\/product"}],"about":[{"href":"https:\/\/przemysldrzewny.eu\/index.php\/wp-json\/wp\/v2\/types\/product"}],"wp:featuredmedia":[{"embeddable":true,"href":"https:\/\/przemysldrzewny.eu\/index.php\/wp-json\/wp\/v2\/media\/11596"}],"wp:attachment":[{"href":"https:\/\/przemysldrzewny.eu\/index.php\/wp-json\/wp\/v2\/media?parent=11593"}],"wp:term":[{"taxonomy":"product_brand","embeddable":true,"href":"https:\/\/przemysldrzewny.eu\/index.php\/wp-json\/wp\/v2\/product_brand?post=11593"},{"taxonomy":"product_cat","embeddable":true,"href":"https:\/\/przemysldrzewny.eu\/index.php\/wp-json\/wp\/v2\/product_cat?post=11593"},{"taxonomy":"product_tag","embeddable":true,"href":"https:\/\/przemysldrzewny.eu\/index.php\/wp-json\/wp\/v2\/product_tag?post=11593"}],"curies":[{"name":"wp","href":"https:\/\/api.w.org\/{rel}","templated":true}]}}