{"id":12765,"date":"2024-05-22T21:05:20","date_gmt":"2024-05-22T19:05:20","guid":{"rendered":"https:\/\/przemysldrzewny.eu\/?post_type=product&#038;p=12765"},"modified":"2025-01-21T11:02:04","modified_gmt":"2025-01-21T10:02:04","slug":"przemysl-drzewny-researchdevelopment-nr-2-2024-wydanie-elektroniczne","status":"publish","type":"product","link":"https:\/\/przemysldrzewny.eu\/index.php\/produkt\/przemysl-drzewny-researchdevelopment-nr-2-2024-wydanie-elektroniczne\/","title":{"rendered":"Przemys\u0142 Drzewny. Research&#038;Development nr 2\/2024 &#8211; wydanie elektroniczne"},"content":{"rendered":"<p>Przemys\u0142 drzewny to kwartalnik dla sektora le\u015bno-drzewnego. Bran\u017ca drzewna i jej ga\u0142\u0119zie: tartacznictwo, meblarstwo. produkcja stolarki otworowej, p\u0142yty drewnopochodne &#8211; to g\u0142owni czytelnicy naszego czasopisma. W numerze 2\/2024\u00a0 znajduj\u0105 si\u0119 unikalne raporty analizy rynku i\u00a0 prognozy. Polecamy analizy bran\u017cy\u00a0 opakowa\u0144 drewnianych, szczeg\u00f3lnie nasz ranking TOP10 producent\u00f3w palet drewnianych, a tak\u017ce doniesienia z rynku budownictwa drewnianego, cen drewna okr\u0105g\u0142ego w Polsce i zagranic\u0105. Ponadto informacje o nowych inwestycjach, budowanych zak\u0142adach w Polsce i na \u015bwiecie.<\/p>\n<h4>Spis tre\u015bci:<\/h4>\n<h4>INWESTYCJE W\u00a0POLSCE<br \/>\n8 Pozna\u0144: Uniwersytet Przyrodniczy z\u00a0laboratorium za milion euro<br \/>\n8 Bytnica: Wood Trade mo\u017ce produkowa\u0107 pellet z\u00a0zanieczyszczonego surowca<br \/>\n9 Tarnowskie G\u00f3ry: BOX HAUS wybuduje nowoczesn\u0105 hal\u0119, aby zwi\u0119kszy\u0107 produkcj\u0119<br \/>\n9 Che\u0142mek: Eurostyl kupuje urz\u0105dzenia do produkcji okien typu Sash<br \/>\n9 Zi\u0119bice: Urz\u0119dowski ma nowego w\u0142a\u015bciciela<br \/>\n10 Kwidzyn: Tor-Pal ma lini\u0119 do \u0142\u0105czenia kr\u00f3tkich klepek w\u00a0d\u0142ugie deski<br \/>\n10 Pikutkowo: Mistral z\u00a0now\u0105 pras\u0105 do produkcji wysoce precyzyjnych wi\u0105zar\u00f3w<br \/>\n11 Raba Ni\u017cna: Andrew b\u0119dzie produkowa\u0142 innowacyjne b\u0119bny kablowe wed\u0142ug w\u0142asnego projektu<br \/>\n11 Jarno\u0142towo: Biogas Wood inwestuje w\u00a0zaplecze do produkcji r\u00f3wnomiernie wysuszonego drewna kominkowego<br \/>\n12 ZE \u015aWIATA<br \/>\n12 Finlandia: Isku stosuje w\u00a0produkcji biokleje<br \/>\n12 Rosja: Produkcja drewna przewy\u017csza jego pozyskanie<br \/>\n12 Szwecja: Setra podwaja moce produkcyjne CLT<br \/>\n13 Niemcy: S\u0142u\u017cby celne zatrzyma\u0142y rosyjski statek transportuj\u0105cy sklejk\u0119 do USA<br \/>\n13 Wielka Brytania: Ogromny spadek importu mebli i\u00a0wzrost eksportu<br \/>\n13 USA: RoyOMartin inwestuje 30 mln dolar\u00f3w w\u00a0fabryk\u0119<br \/>\n14 Francja: Ruszy\u0142a produkcja CLT<br \/>\n14 \u0141otwa: Stiga RM rozbuduje fabryk\u0119 sklejki<br \/>\n14 Szwecja: S\u00f6dra Wood przeprowadza reorganizacj\u0119 w\u0142asnych fabryk<br \/>\n15 Finlandia: Powstanie zak\u0142ad demonstracyjny do opracowania nowych produkt\u00f3w z\u00a0ligniny<br \/>\n16 Niemcy: Konflikt przemys\u0142u drzewnego z\u00a0bran\u017c\u0105 ubezpieczeniow\u0105<br \/>\n16 Chiny: Wzrost eksportu w\u00a0pierwszym kwartale<br \/>\n18 RYNEK SUROWCA<br \/>\n18 40 mln kubik\u00f3w do sprzeda\u017cy w 2024 r.<br \/>\n20 Ceny drewna spadaj\u0105, ale wolniej ni\u017c inflacja<br \/>\n24 OPAKOWANIA DREWNIANE<br \/>\n24 Nawet bran\u017ca automotive si\u0119ga po drewno. Przynajmniej w logistyce<br \/>\nRozmowa z Patrickiem Wieckowskim, dyrektorem zarz\u0105dzaj\u0105cym w polskiej sp\u00f3\u0142ce Pilous Packaging w Dobiegniewie<br \/>\n28 Linie do produkcji palet EURO\/CHEP: odkryj mo\u017cliwo\u015bci Kadmex!<br \/>\n29 RAPORT PALET<br \/>\n29 Ranking producent\u00f3w palet: Liderzy ko\u0144cz\u0105 inwestycje i czekaj\u0105 na hoss\u0119<br \/>\n36 Palety miar\u0105 kondycji gospodarki<br \/>\n40 Pozycj\u0119 lidera da\u0142y nam nowoczesne technologie<br \/>\n42 Europaleta EPAL QR<br \/>\n44 Palety z drewna musz\u0105 by\u0107 jeszcze bardziej eko!<br \/>\n48 Palety i skrzynie drewniane nie spe\u0142ni\u0105 wymog\u00f3w nowego rozporz\u0105dzenia PPWR?<br \/>\n52 PRAWO<br \/>\n52 25 lat obowi\u0105zywania europejskich przepis\u00f3w dotycz\u0105cych produkt\u00f3w biob\u00f3jczych<br \/>\n54 Drewno modyfikowane te\u017c musi przej\u015b\u0107 test odporno\u015bci ogniowej<br \/>\n56 TECHNOLOGIE<br \/>\n56 Termodrewno nie tylko z sosny<br \/>\n62 Szkolenie z obs\u0142ugi maszyn w wirtualnej rzeczywisto\u015bci<br \/>\n70 BUDOWNICTWO DREWNIANE<br \/>\n70 Innowacyjne konstrukcje gi\u0119to-klejone vs. zgodno\u015b\u0107 z norm\u0105 EN14080<br \/>\n76 Od drewna nie ma odwrotu. Ale wci\u0105\u017c si\u0119 go uczymy<br \/>\n85 GATUNKI DREWNA Meranti czerwone \u2013 drewno egzotyczne z po\u0142udniowo-wschodniej Azji<\/h4>\n","protected":false},"excerpt":{"rendered":"<p>Przemys\u0142 drzewny to kwartalnik dla sektora le\u015bno-drzewnego. Bran\u017ca drzewna i jej ga\u0142\u0119zie: tartacznictwo, meblarstwo. produkcja stolarki otworowej, p\u0142yty drewnopochodne &#8211; to g\u0142owni czytelnicy naszego czasopisma. W numerze 2\/2024\u00a0 znajduj\u0105 si\u0119 unikalne raporty analizy rynku i\u00a0 prognozy. Polecamy analizy bran\u017cy\u00a0 opakowa\u0144 drewnianych, szczeg\u00f3lnie nasz ranking TOP10 producent\u00f3w palet drewnianych, a tak\u017ce doniesienia z rynku budownictwa drewnianego, cen drewna okr\u0105g\u0142ego w Polsce i zagranic\u0105. Ponadto informacje o nowych inwestycjach, budowanych zak\u0142adach w Polsce i na \u015bwiecie.<\/p>\n","protected":false},"featured_media":12763,"template":"","meta":[],"product_brand":[],"product_cat":[415,418],"product_tag":[396,446,400,452,411,453],"class_list":{"0":"post-12765","1":"product","2":"type-product","3":"status-publish","4":"has-post-thumbnail","6":"product_cat-wydania-elektroniczne","7":"product_cat-kwartalnik","8":"product_tag-budownictwo-drewniane","9":"product_tag-ceny-drewna","10":"product_tag-epal","11":"product_tag-opakowania-drewniane","12":"product_tag-przemysldrzewny","13":"product_tag-ranking-producentow-palet","14":"product_shipping_class-pojedyncze-wydanie","16":"first","17":"instock","18":"featured","19":"downloadable","20":"shipping-taxable","21":"purchasable","22":"product-type-simple"},"jetpack_likes_enabled":true,"jetpack_sharing_enabled":true,"jetpack-related-posts":[{"id":13787,"url":"https:\/\/przemysldrzewny.eu\/index.php\/produkt\/przemysl-drzewny-researchdevelopment-nr-2-2025-wydanie-elektroniczne\/","url_meta":{"origin":12765,"position":0},"title":"Przemys\u0142 Drzewny. Research&#038;Development nr 2\/2025 &#8211; wydanie elektroniczne","author":"forestor","date":"12 maja 2025","format":false,"excerpt":"Przemys\u0142 drzewny to kwartalnik dla sektora le\u015bno-drzewnego. Bran\u017ca drzewna i jej ga\u0142\u0119zie: tartacznictwo, meblarstwo. produkcja stolarki otworowej, p\u0142yty drewnopochodne - to g\u0142owni czytelnicy naszego czasopisma. W numerze 2\/2025 znajd\u0105 raport rynku rynku opakowa\u0144 drewnianych, szczeg\u00f3lnie palet, analizy rynku, w tym prognozy dla cen surowca drzewnego. Polecamy analizy cen drewna okr\u0105g\u0142ego\u2026","rel":"","context":"Podobny wpis","block_context":{"text":"Podobny wpis","link":""},"img":{"alt_text":"","src":"https:\/\/i0.wp.com\/przemysldrzewny.eu\/wp-content\/uploads\/2025\/05\/PD_02_2025_OKLADKA.jpg?fit=848%2C1200&ssl=1&resize=350%2C200","width":350,"height":200,"srcset":"https:\/\/i0.wp.com\/przemysldrzewny.eu\/wp-content\/uploads\/2025\/05\/PD_02_2025_OKLADKA.jpg?fit=848%2C1200&ssl=1&resize=350%2C200 1x, https:\/\/i0.wp.com\/przemysldrzewny.eu\/wp-content\/uploads\/2025\/05\/PD_02_2025_OKLADKA.jpg?fit=848%2C1200&ssl=1&resize=525%2C300 1.5x, https:\/\/i0.wp.com\/przemysldrzewny.eu\/wp-content\/uploads\/2025\/05\/PD_02_2025_OKLADKA.jpg?fit=848%2C1200&ssl=1&resize=700%2C400 2x"},"classes":[]},{"id":12766,"url":"https:\/\/przemysldrzewny.eu\/index.php\/produkt\/przemysl-drzewny-researchdevelopment-nr-2-2024-wydanie-drukowane\/","url_meta":{"origin":12765,"position":1},"title":"Przemys\u0142 Drzewny. Research&#038;Development nr 2\/2024 &#8211; wydanie drukowane","author":"forestor","date":"22 maja 2024","format":false,"excerpt":"Przemys\u0142 drzewny to kwartalnik dla sektora le\u015bno-drzewnego. Bran\u017ca drzewna i jej ga\u0142\u0119zie: tartacznictwo, meblarstwo. produkcja stolarki otworowej, p\u0142yty drewnopochodne - to g\u0142owni czytelnicy naszego czasopisma. W numerze 2\/2024\u00a0 znajduj\u0105 si\u0119 unikalne raporty analizy rynku i\u00a0 prognozy. Polecamy analizy bran\u017cy\u00a0 opakowa\u0144 drewnianych, szczeg\u00f3lnie nasz ranking TOP10 producent\u00f3w palet drewnianych, a tak\u017ce\u2026","rel":"","context":"Podobny wpis","block_context":{"text":"Podobny wpis","link":""},"img":{"alt_text":"","src":"https:\/\/i0.wp.com\/przemysldrzewny.eu\/wp-content\/uploads\/2024\/05\/PD_02_2024_OKLADKA.jpg?fit=848%2C1200&ssl=1&resize=350%2C200","width":350,"height":200,"srcset":"https:\/\/i0.wp.com\/przemysldrzewny.eu\/wp-content\/uploads\/2024\/05\/PD_02_2024_OKLADKA.jpg?fit=848%2C1200&ssl=1&resize=350%2C200 1x, https:\/\/i0.wp.com\/przemysldrzewny.eu\/wp-content\/uploads\/2024\/05\/PD_02_2024_OKLADKA.jpg?fit=848%2C1200&ssl=1&resize=525%2C300 1.5x, https:\/\/i0.wp.com\/przemysldrzewny.eu\/wp-content\/uploads\/2024\/05\/PD_02_2024_OKLADKA.jpg?fit=848%2C1200&ssl=1&resize=700%2C400 2x"},"classes":[]},{"id":11971,"url":"https:\/\/przemysldrzewny.eu\/index.php\/produkt\/przemysl-drzewny-researchdevelopment-nr-2-2023-wydanie-elektroniczne\/","url_meta":{"origin":12765,"position":2},"title":"Przemys\u0142 Drzewny. Research&#038;Development nr 2\/2023 &#8211; wydanie elektroniczne","author":"forestor","date":"23 maja 2023","format":false,"excerpt":"Przemys\u0142 drzewny to kwartalnik dla sektora le\u015bno-drzewnego. Bran\u017ca drzewna i jej ga\u0142\u0119zie: tartacznictwo, meblarstwo. produkcja stolarki otworowej, p\u0142yty drewnopochodne - to g\u0142owni czytelnicy naszego czasopisma. W numerze 2\/2023 znajd\u0105 unikalny raport palet drewnianych w Polsce, analizy rynku, w tym prognozy dla cen surowca drzewnego. Polecamy analizy rynku stolarki budowlanejoraz bran\u017cy\u2026","rel":"","context":"Podobny wpis","block_context":{"text":"Podobny wpis","link":""},"img":{"alt_text":"","src":"https:\/\/i0.wp.com\/przemysldrzewny.eu\/wp-content\/uploads\/2023\/05\/PD_02_2023_OKLADKA.jpg?fit=848%2C1200&ssl=1&resize=350%2C200","width":350,"height":200,"srcset":"https:\/\/i0.wp.com\/przemysldrzewny.eu\/wp-content\/uploads\/2023\/05\/PD_02_2023_OKLADKA.jpg?fit=848%2C1200&ssl=1&resize=350%2C200 1x, https:\/\/i0.wp.com\/przemysldrzewny.eu\/wp-content\/uploads\/2023\/05\/PD_02_2023_OKLADKA.jpg?fit=848%2C1200&ssl=1&resize=525%2C300 1.5x, https:\/\/i0.wp.com\/przemysldrzewny.eu\/wp-content\/uploads\/2023\/05\/PD_02_2023_OKLADKA.jpg?fit=848%2C1200&ssl=1&resize=700%2C400 2x"},"classes":[]},{"id":11973,"url":"https:\/\/przemysldrzewny.eu\/index.php\/produkt\/przemysl-drzewny-researchdevelopment-nr-2-2023-wydanie-drukowane\/","url_meta":{"origin":12765,"position":3},"title":"Przemys\u0142 Drzewny. Research&#038;Development nr 2\/2023 &#8211; wydanie drukowane","author":"forestor","date":"23 maja 2023","format":false,"excerpt":"Przemys\u0142 drzewny to kwartalnik dla sektora le\u015bno-drzewnego. Bran\u017ca drzewna i jej ga\u0142\u0119zie: tartacznictwo, meblarstwo. produkcja stolarki otworowej, p\u0142yty drewnopochodne - to g\u0142owni czytelnicy naszego czasopisma. W numerze 2\/2023 znajd\u0105 unikalny raport palet drewnianych w Polsce, analizy rynku, w tym prognozy dla cen surowca drzewnego. Polecamy analizy rynku stolarki budowlanejoraz bran\u017cy\u2026","rel":"","context":"Podobny wpis","block_context":{"text":"Podobny wpis","link":""},"img":{"alt_text":"","src":"https:\/\/i0.wp.com\/przemysldrzewny.eu\/wp-content\/uploads\/2023\/05\/PD_02_2023_OKLADKA.jpg?fit=848%2C1200&ssl=1&resize=350%2C200","width":350,"height":200,"srcset":"https:\/\/i0.wp.com\/przemysldrzewny.eu\/wp-content\/uploads\/2023\/05\/PD_02_2023_OKLADKA.jpg?fit=848%2C1200&ssl=1&resize=350%2C200 1x, https:\/\/i0.wp.com\/przemysldrzewny.eu\/wp-content\/uploads\/2023\/05\/PD_02_2023_OKLADKA.jpg?fit=848%2C1200&ssl=1&resize=525%2C300 1.5x, https:\/\/i0.wp.com\/przemysldrzewny.eu\/wp-content\/uploads\/2023\/05\/PD_02_2023_OKLADKA.jpg?fit=848%2C1200&ssl=1&resize=700%2C400 2x"},"classes":[]},{"id":13571,"url":"https:\/\/przemysldrzewny.eu\/index.php\/produkt\/przemysl-drzewny-researchdevelopment-nr-1-2025-wydanie-elektroniczne\/","url_meta":{"origin":12765,"position":4},"title":"Przemys\u0142 Drzewny. Research&#038;Development nr 1\/2025 &#8211; wydanie elektroniczne","author":"forestor","date":"10 lutego 2025","format":false,"excerpt":"Przemys\u0142 drzewny to kwartalnik dla sektora le\u015bno-drzewnego. Bran\u017ca drzewna i jej ga\u0142\u0119zie: tartacznictwo, meblarstwo. produkcja stolarki otworowej, p\u0142yty drewnopochodne - to g\u0142owni czytelnicy naszego czasopisma. W numerze 1\/2025 znajd\u0105 raport rynku budownictwa drewnianego, prefabrykacji, stolarki otworowej, analizy rynku, w tym prognozy dla cen surowca drzewnego. Polecamy analizy cen drewna okr\u0105g\u0142ego\u2026","rel":"","context":"Podobny wpis","block_context":{"text":"Podobny wpis","link":""},"img":{"alt_text":"","src":"https:\/\/i0.wp.com\/przemysldrzewny.eu\/wp-content\/uploads\/2025\/02\/PD_01_2025_OKLADKA.jpg?fit=848%2C1200&ssl=1&resize=350%2C200","width":350,"height":200,"srcset":"https:\/\/i0.wp.com\/przemysldrzewny.eu\/wp-content\/uploads\/2025\/02\/PD_01_2025_OKLADKA.jpg?fit=848%2C1200&ssl=1&resize=350%2C200 1x, https:\/\/i0.wp.com\/przemysldrzewny.eu\/wp-content\/uploads\/2025\/02\/PD_01_2025_OKLADKA.jpg?fit=848%2C1200&ssl=1&resize=525%2C300 1.5x, https:\/\/i0.wp.com\/przemysldrzewny.eu\/wp-content\/uploads\/2025\/02\/PD_01_2025_OKLADKA.jpg?fit=848%2C1200&ssl=1&resize=700%2C400 2x"},"classes":[]},{"id":12208,"url":"https:\/\/przemysldrzewny.eu\/index.php\/produkt\/przemysl-drzewny-researchdevelopment-nr-3-2023-wydanie-elektroniczne\/","url_meta":{"origin":12765,"position":5},"title":"Przemys\u0142 Drzewny. Research&#038;Development nr 3\/2023 &#8211; wydanie elektroniczne","author":"forestor","date":"19 sierpnia 2023","format":false,"excerpt":"Przemys\u0142 drzewny to kwartalnik dla sektora le\u015bno-drzewnego. Bran\u017ca drzewna i jej ga\u0142\u0119zie: tartacznictwo, meblarstwo. produkcja stolarki otworowej, p\u0142yty drewnopochodne - to g\u0142owni czytelnicy naszego czasopisma. W numerze 2\/2023 znajd\u0105 unikalny raport palet drewnianych w Polsce, analizy rynku, w tym prognozy dla cen surowca drzewnego. Polecamy analizy rynku stolarki budowlanejoraz bran\u017cy\u2026","rel":"","context":"Podobny wpis","block_context":{"text":"Podobny wpis","link":""},"img":{"alt_text":"","src":"https:\/\/i0.wp.com\/przemysldrzewny.eu\/wp-content\/uploads\/2023\/08\/PD_03_2023_OKLADKA.jpg?fit=848%2C1200&ssl=1&resize=350%2C200","width":350,"height":200,"srcset":"https:\/\/i0.wp.com\/przemysldrzewny.eu\/wp-content\/uploads\/2023\/08\/PD_03_2023_OKLADKA.jpg?fit=848%2C1200&ssl=1&resize=350%2C200 1x, https:\/\/i0.wp.com\/przemysldrzewny.eu\/wp-content\/uploads\/2023\/08\/PD_03_2023_OKLADKA.jpg?fit=848%2C1200&ssl=1&resize=525%2C300 1.5x, https:\/\/i0.wp.com\/przemysldrzewny.eu\/wp-content\/uploads\/2023\/08\/PD_03_2023_OKLADKA.jpg?fit=848%2C1200&ssl=1&resize=700%2C400 2x"},"classes":[]}],"_links":{"self":[{"href":"https:\/\/przemysldrzewny.eu\/index.php\/wp-json\/wp\/v2\/product\/12765","targetHints":{"allow":["GET"]}}],"collection":[{"href":"https:\/\/przemysldrzewny.eu\/index.php\/wp-json\/wp\/v2\/product"}],"about":[{"href":"https:\/\/przemysldrzewny.eu\/index.php\/wp-json\/wp\/v2\/types\/product"}],"wp:featuredmedia":[{"embeddable":true,"href":"https:\/\/przemysldrzewny.eu\/index.php\/wp-json\/wp\/v2\/media\/12763"}],"wp:attachment":[{"href":"https:\/\/przemysldrzewny.eu\/index.php\/wp-json\/wp\/v2\/media?parent=12765"}],"wp:term":[{"taxonomy":"product_brand","embeddable":true,"href":"https:\/\/przemysldrzewny.eu\/index.php\/wp-json\/wp\/v2\/product_brand?post=12765"},{"taxonomy":"product_cat","embeddable":true,"href":"https:\/\/przemysldrzewny.eu\/index.php\/wp-json\/wp\/v2\/product_cat?post=12765"},{"taxonomy":"product_tag","embeddable":true,"href":"https:\/\/przemysldrzewny.eu\/index.php\/wp-json\/wp\/v2\/product_tag?post=12765"}],"curies":[{"name":"wp","href":"https:\/\/api.w.org\/{rel}","templated":true}]}}