{"id":40,"date":"2017-06-23T18:15:41","date_gmt":"2017-06-23T16:15:41","guid":{"rendered":"http:\/\/nowy-wp.test\/?post_type=product&#038;p=40"},"modified":"2021-11-11T16:38:09","modified_gmt":"2021-11-11T15:38:09","slug":"przemysl-drzewny-3-2017-wydanie-elektroniczne","status":"publish","type":"product","link":"https:\/\/przemysldrzewny.eu\/index.php\/produkt\/przemysl-drzewny-3-2017-wydanie-elektroniczne\/","title":{"rendered":"Przemys\u0142 drzewny 3\/2017 &#8211; wydanie elektroniczne"},"content":{"rendered":"<p>Czasopismo 'Przemys\u0142 Drzewny. Reseacrh&amp;Development&#8217; to fachowy kwartalnik dla os\u00f3b zwi\u0105zanych z profesjonalnym przetw\u00f3rstwem drewna i tworzyw drewnopochodnych.<\/p>\n","protected":false},"excerpt":{"rendered":"<p>Czasopismo 'Przemys\u0142 Drzewny. Reseacrh&amp;Development&#8217; to fachowy kwartalnik dla os\u00f3b zwi\u0105zanych z profesjonalnym przetw\u00f3rstwem drewna i tworzyw drewnopochodnych.<\/p>\n","protected":false},"featured_media":0,"template":"","meta":[],"product_brand":[],"product_cat":[418,415],"product_tag":[],"class_list":{"0":"post-40","1":"product","2":"type-product","3":"status-publish","5":"product_cat-kwartalnik","6":"product_cat-wydania-elektroniczne","7":"product_shipping_class-elektroniczna","9":"first","10":"instock","11":"downloadable","12":"taxable","13":"shipping-taxable","14":"purchasable","15":"product-type-simple"},"jetpack_likes_enabled":true,"jetpack_sharing_enabled":true,"jetpack-related-posts":[{"id":32,"url":"https:\/\/przemysldrzewny.eu\/index.php\/produkt\/przemysl-drzewny-3-2016-wydanie-elektroniczne\/","url_meta":{"origin":40,"position":0},"title":"Przemys\u0142 drzewny 3\/2016 &#8211; wydanie elektroniczne","author":"forestor","date":"23 sierpnia 2016","format":false,"excerpt":"Czasopismo 'Przemys\u0142 Drzewny. Reseacrh&Development' to fachowy kwartalnik dla os\u00f3b zwi\u0105zanych z profesjonalnym przetw\u00f3rstwem drewna i tworzyw drewnopochodnych.","rel":"","context":"Podobny wpis","block_context":{"text":"Podobny wpis","link":""},"img":{"alt_text":"","src":"","width":0,"height":0},"classes":[]},{"id":34,"url":"https:\/\/przemysldrzewny.eu\/index.php\/produkt\/przemysl-drzewny-4-2016-wydanie-elektroniczne\/","url_meta":{"origin":40,"position":1},"title":"Przemys\u0142 drzewny 4\/2016 &#8211; wydanie elektroniczne","author":"forestor","date":"23 pa\u017adziernika 2016","format":false,"excerpt":"Czasopismo 'Przemys\u0142 Drzewny. Reseacrh&Development' to fachowy kwartalnik dla os\u00f3b zwi\u0105zanych z profesjonalnym przetw\u00f3rstwem drewna i tworzyw drewnopochodnych.","rel":"","context":"Podobny wpis","block_context":{"text":"Podobny wpis","link":""},"img":{"alt_text":"","src":"","width":0,"height":0},"classes":[]},{"id":36,"url":"https:\/\/przemysldrzewny.eu\/index.php\/produkt\/przemysl-drzewny-1-2017-wydanie-elektroniczne\/","url_meta":{"origin":40,"position":2},"title":"Przemys\u0142 drzewny 1\/2017 &#8211; wydanie elektroniczne","author":"forestor","date":"23 lutego 2017","format":false,"excerpt":"Czasopismo 'Przemys\u0142 Drzewny. Reseacrh&Development' to fachowy kwartalnik dla os\u00f3b zwi\u0105zanych z profesjonalnym przetw\u00f3rstwem drewna i tworzyw drewnopochodnych.","rel":"","context":"Podobny wpis","block_context":{"text":"Podobny wpis","link":""},"img":{"alt_text":"","src":"","width":0,"height":0},"classes":[]},{"id":38,"url":"https:\/\/przemysldrzewny.eu\/index.php\/produkt\/przemysl-drzewny-2-2017-wydanie-elektroniczne\/","url_meta":{"origin":40,"position":3},"title":"Przemys\u0142 drzewny 2\/2017 &#8211; wydanie elektroniczne","author":"forestor","date":"23 kwietnia 2017","format":false,"excerpt":"Czasopismo 'Przemys\u0142 Drzewny. Reseacrh&Development' to fachowy kwartalnik dla os\u00f3b zwi\u0105zanych z profesjonalnym przetw\u00f3rstwem drewna i tworzyw drewnopochodnych.","rel":"","context":"Podobny wpis","block_context":{"text":"Podobny wpis","link":""},"img":{"alt_text":"","src":"","width":0,"height":0},"classes":[]},{"id":42,"url":"https:\/\/przemysldrzewny.eu\/index.php\/produkt\/przemysl-drzewny-4-2017-wydanie-elektroniczne\/","url_meta":{"origin":40,"position":4},"title":"Przemys\u0142 drzewny 4\/2017 &#8211; wydanie elektroniczne","author":"forestor","date":"23 pa\u017adziernika 2017","format":false,"excerpt":"Czasopismo 'Przemys\u0142 Drzewny. Reseacrh&Development' to fachowy kwartalnik dla os\u00f3b zwi\u0105zanych z profesjonalnym przetw\u00f3rstwem drewna i tworzyw drewnopochodnych.","rel":"","context":"Podobny wpis","block_context":{"text":"Podobny wpis","link":""},"img":{"alt_text":"","src":"","width":0,"height":0},"classes":[]},{"id":44,"url":"https:\/\/przemysldrzewny.eu\/index.php\/produkt\/przemysl-drzewny-1-2018-wydanie-elektroniczne\/","url_meta":{"origin":40,"position":5},"title":"Przemys\u0142 drzewny 1\/2018 &#8211; wydanie elektroniczne","author":"forestor","date":"23 stycznia 2018","format":false,"excerpt":"Czasopismo 'Przemys\u0142 Drzewny. Research&Development' to fachowy kwartalnik dla os\u00f3b zwi\u0105zanych z profesjonalnym przetw\u00f3rstwem drewna i tworzyw drewnopochodnych.","rel":"","context":"Podobny wpis","block_context":{"text":"Podobny wpis","link":""},"img":{"alt_text":"","src":"","width":0,"height":0},"classes":[]}],"_links":{"self":[{"href":"https:\/\/przemysldrzewny.eu\/index.php\/wp-json\/wp\/v2\/product\/40","targetHints":{"allow":["GET"]}}],"collection":[{"href":"https:\/\/przemysldrzewny.eu\/index.php\/wp-json\/wp\/v2\/product"}],"about":[{"href":"https:\/\/przemysldrzewny.eu\/index.php\/wp-json\/wp\/v2\/types\/product"}],"wp:attachment":[{"href":"https:\/\/przemysldrzewny.eu\/index.php\/wp-json\/wp\/v2\/media?parent=40"}],"wp:term":[{"taxonomy":"product_brand","embeddable":true,"href":"https:\/\/przemysldrzewny.eu\/index.php\/wp-json\/wp\/v2\/product_brand?post=40"},{"taxonomy":"product_cat","embeddable":true,"href":"https:\/\/przemysldrzewny.eu\/index.php\/wp-json\/wp\/v2\/product_cat?post=40"},{"taxonomy":"product_tag","embeddable":true,"href":"https:\/\/przemysldrzewny.eu\/index.php\/wp-json\/wp\/v2\/product_tag?post=40"}],"curies":[{"name":"wp","href":"https:\/\/api.w.org\/{rel}","templated":true}]}}