{"id":59,"date":"2021-11-11T18:15:44","date_gmt":"2021-11-11T17:15:44","guid":{"rendered":"http:\/\/nowy-wp.test\/?post_type=product&#038;p=59"},"modified":"2025-12-01T07:42:43","modified_gmt":"2025-12-01T06:42:43","slug":"prenumerata-roczna-wydanie-elektroniczne","status":"publish","type":"product","link":"https:\/\/przemysldrzewny.eu\/index.php\/produkt\/prenumerata-roczna-wydanie-elektroniczne\/","title":{"rendered":"Prenumerata roczna Przemys\u0142 Drzewny &#8211; wydanie elektroniczne"},"content":{"rendered":"<h3 data-start=\"186\" data-end=\"262\">Prenumerata czasopisma <strong data-start=\"216\" data-end=\"260\">\u201ePrzemys\u0142 Drzewny. Research&amp;Development\u201d<\/strong><\/h3>\n<p data-start=\"264\" data-end=\"662\"><strong data-start=\"264\" data-end=\"308\">\u201ePrzemys\u0142 Drzewny. Research&amp;Development\u201d<\/strong> to <strong data-start=\"312\" data-end=\"351\">specjalistyczne czasopismo bran\u017cowe<\/strong> po\u015bwi\u0119cone <strong data-start=\"363\" data-end=\"454\">technologii drewna, innowacjom w przemy\u015ble drzewnym oraz rozwojowi sektora meblarskiego<\/strong>. Od ponad dekady dostarcza <strong data-start=\"482\" data-end=\"549\">rzetelnych analiz, raport\u00f3w rynkowych i wynik\u00f3w bada\u0144 naukowych<\/strong>, kt\u00f3re pomagaj\u0105 przedsi\u0119biorcom, technologom i naukowcom podejmowa\u0107 trafne decyzje biznesowe i technologiczne.<\/p>\n<p data-start=\"664\" data-end=\"783\">Zamawiaj\u0105c <strong data-start=\"675\" data-end=\"690\">prenumerat\u0119<\/strong>, otrzymasz <strong data-start=\"702\" data-end=\"722\">4 numery rocznie<\/strong> w wersji drukowanej lub elektronicznej, zawieraj\u0105ce m.in.:<\/p>\n<ul data-start=\"784\" data-end=\"1070\">\n<li data-start=\"784\" data-end=\"857\">\n<p data-start=\"786\" data-end=\"857\">aktualne <strong data-start=\"795\" data-end=\"854\">informacje o trendach w przemy\u015ble drzewnym i meblarskim<\/strong>,<\/p>\n<\/li>\n<li data-start=\"858\" data-end=\"901\">\n<p data-start=\"860\" data-end=\"901\"><strong data-start=\"860\" data-end=\"898\">analizy rynku drewna, p\u0142yt i mebli<\/strong>,<\/p>\n<\/li>\n<li data-start=\"902\" data-end=\"953\">\n<p data-start=\"904\" data-end=\"953\"><strong data-start=\"904\" data-end=\"932\">innowacje technologiczne<\/strong> z Polski i \u015bwiata,<\/p>\n<\/li>\n<li data-start=\"954\" data-end=\"1005\">\n<p data-start=\"956\" data-end=\"1005\">wyniki <strong data-start=\"963\" data-end=\"1002\">bada\u0144 naukowych i rozwojowych (R&amp;D)<\/strong>,<\/p>\n<\/li>\n<li data-start=\"1006\" data-end=\"1070\">\n<p data-start=\"1008\" data-end=\"1070\"><strong data-start=\"1008\" data-end=\"1043\">komentarze ekspert\u00f3w bran\u017cowych<\/strong> i relacje z konferencji.<\/p>\n<\/li>\n<\/ul>\n<p data-start=\"1072\" data-end=\"1185\">Prenumerata to nie tylko wygoda i oszcz\u0119dno\u015b\u0107, ale te\u017c <strong data-start=\"1127\" data-end=\"1182\">dost\u0119p do wiedzy, kt\u00f3ra wspiera rozw\u00f3j Twojej firmy<\/strong>.<\/p>\n<hr data-start=\"1187\" data-end=\"1190\" \/>\n<h3 data-start=\"1192\" data-end=\"1233\">Dlaczego warto zam\u00f3wi\u0107 prenumerat\u0119?<\/h3>\n<p data-start=\"1234\" data-end=\"1530\">Sta\u0142y dost\u0119p do <strong data-start=\"1252\" data-end=\"1297\">naj\u015bwie\u017cszych informacji o rynku drzewnym<\/strong>.<br data-start=\"1298\" data-end=\"1301\" \/>Rzetelne \u017ar\u00f3d\u0142o wiedzy o <strong data-start=\"1328\" data-end=\"1360\">technologiach obr\u00f3bki drewna<\/strong> i <strong data-start=\"1363\" data-end=\"1398\">zr\u00f3wnowa\u017conej gospodarce le\u015bnej<\/strong>.<br data-start=\"1399\" data-end=\"1402\" \/>Czasopismo tworzone przez <strong data-start=\"1430\" data-end=\"1462\">ekspert\u00f3w i praktyk\u00f3w bran\u017cy<\/strong>.<br \/>\n<strong data-start=\"1478\" data-end=\"1527\">Autorskie, unikalne raporty R&amp;D<\/strong>.<br \/>\n<span data-start=\"1478\" data-end=\"1527\">Streszczenia prac<\/span><strong data-start=\"1478\" data-end=\"1527\"> naukowych<br \/>\n<\/strong>przemys\u0142 drzewny, bran\u017ca drzewna, czasopismo drzewne, magazyn bran\u017cowy, przemys\u0142 meblarski, technologie drewna, badania i rozw\u00f3j, R&amp;D, prenumerata czasopisma, rynek drewna, innowacje w przemy\u015ble drzewnym, czasopismo o drewnie, magazyn o meblach, raporty drzewne, nauka o drewnie<\/p>\n<hr data-start=\"1847\" data-end=\"1850\" \/>\n<h3 data-start=\"1852\" data-end=\"1885\">Zam\u00f3w prenumerat\u0119 ju\u017c dzi\u015b!<\/h3>\n<p data-start=\"1886\" data-end=\"2042\">Wybierz <strong data-start=\"1894\" data-end=\"1968\">roczn\u0105 prenumerat\u0119 czasopisma \u201ePrzemys\u0142 Drzewny. Research&amp;Development\u201d<\/strong> i zyskaj dost\u0119p do wiedzy, kt\u00f3ra kszta\u0142tuje przysz\u0142o\u015b\u0107 bran\u017cy drzewnej.<\/p>\n<p data-start=\"2044\" data-end=\"2126\">\ud83d\udc49 <strong data-start=\"2047\" data-end=\"2124\">Dla firm, uczelni, instytut\u00f3w badawczych i pasjonat\u00f3w technologii drewna.<\/strong><\/p>\n","protected":false},"excerpt":{"rendered":"<ol>\n<li>Czasopismo \u201ePrzemys\u0142 Drzewny. Research&amp;Development\u201d to kwartalni bran\u017cowy skierowany do profesjonalist\u00f3w: w\u0142a\u015bcicieli firmy drzewnych,, os\u00f3b zarz\u0105dzaj\u0105cych produkcj\u0105 drzewn\u0105, zajmuj\u0105cy si\u0119 handlem wyrobami drzewnymi, w tym eksportem.<br \/>\n\u017badne inne czasopismo bran\u017cowe nie \u0142\u0105czy w spos\u00f3b profesjonalny problematyki ca\u0142ego sektora le\u015bno-drzewnego na wz\u00f3r rozwi\u0105za\u0144 europejskich. Publikujemy informacje dotycz\u0105ce krajowego sektora le\u015bno-drzewnego, jak r\u00f3wnie\u017c interesuj\u0105ce analizy dotycz\u0105ce trend\u00f3w mi\u0119dzynarodowych, sytuacji na rynkach eksportowych. To dlatego spo\u015br\u00f3d wielu tytu\u0142\u00f3w bran\u017cowych menad\u017cerowie wybieraj\u0105 w\u0142a\u015bnie nasz.Nasze dzia\u0142y:<br \/>\nresearch&amp;development: inwestycje, badania, innowacje, prognozy, gie\u0142da, raporty, ceny, sprzeda\u017c drewna, transport, prawo, polityka le\u015bna, le\u015bnictwo, technologie, reporta\u017c, gatunki drewna, zmiany personalne, biblioteka mened\u017cera.<\/p>\n<p>TARGET<br \/>\nStarannie budowana imienna baza odbiorc\u00f3w- mened\u017cer\u00f3w sektora le\u015bno-drzewnego, poszukuj\u0105cych informacji ekonomicznych, prognoz<br \/>\ni analiz bran\u017cowych, zmian prawnych, porad, opinii, zainteresowanych case study przedsi\u0119biorstw o profilu drzewnym z Polski i \u015bwiata<\/p>\n<p>bran\u017ce: produkcja mebli drewnianych i komponent\u00f3w meblowych, stolarka budowlana: produkcja okien, drzwi, pod\u0142\u00f3g, ok\u0142adzin, drewna budowlanego, konstrukcji drewnianych , produkcja i us\u0142ugi tartaczne, produkcja palet i opakowa\u0144 drewnianych, produkcja p\u0142yt drewnopochodnych, produkcja papieru, produkcja pelletu i brykietu, le\u015bnictwo, us\u0142ugi le\u015bne, ekologia<\/li>\n<\/ol>\n","protected":false},"featured_media":8579,"template":"","meta":[],"product_brand":[],"product_cat":[407,415],"product_tag":[462],"class_list":{"0":"post-59","1":"product","2":"type-product","3":"status-publish","4":"has-post-thumbnail","6":"product_cat-prenumerata-roczna","7":"product_cat-wydania-elektroniczne","8":"product_tag-prenumerata","9":"product_shipping_class-elektroniczna","11":"first","12":"instock","13":"featured","14":"virtual","15":"taxable","16":"purchasable","17":"product-type-simple"},"jetpack_likes_enabled":false,"jetpack_sharing_enabled":true,"jetpack-related-posts":[{"id":58,"url":"https:\/\/przemysldrzewny.eu\/index.php\/produkt\/prenumerata-roczna-wydanie-papierowe\/","url_meta":{"origin":59,"position":0},"title":"Prenumerata roczna Przemys\u0142 Drzewny &#8211; wydanie papierowe","author":"forestor","date":"11 listopada 2021","format":false,"excerpt":"Dla kogo jest to czasopismo? Prenumerata \u201ePrzemys\u0142 Drzewny. Research&Development\u201d to niezb\u0119dne \u017ar\u00f3d\u0142o informacji dla: mened\u017cer\u00f3w i w\u0142a\u015bcicieli firm z bran\u017cy drzewnej i meblarskiej, producent\u00f3w mebli, stolarki budowlanej, okien, drzwi, pod\u0142\u00f3g i konstrukcji drewnianych, przedsi\u0119biorstw z sektora tartacznego, p\u0142yt drewnopochodnych, papieru, palet, pelletu i brykietu, os\u00f3b zwi\u0105zanych z le\u015bnictwem, us\u0142ugami le\u015bnymi\u2026","rel":"","context":"Podobny wpis","block_context":{"text":"Podobny wpis","link":""},"img":{"alt_text":"Prenumerata Przemys\u0142u Drzewnego","src":"https:\/\/i0.wp.com\/przemysldrzewny.eu\/wp-content\/uploads\/2021\/10\/e-prenumerata-2021.jpg?fit=1200%2C1200&ssl=1&resize=350%2C200","width":350,"height":200,"srcset":"https:\/\/i0.wp.com\/przemysldrzewny.eu\/wp-content\/uploads\/2021\/10\/e-prenumerata-2021.jpg?fit=1200%2C1200&ssl=1&resize=350%2C200 1x, https:\/\/i0.wp.com\/przemysldrzewny.eu\/wp-content\/uploads\/2021\/10\/e-prenumerata-2021.jpg?fit=1200%2C1200&ssl=1&resize=525%2C300 1.5x, https:\/\/i0.wp.com\/przemysldrzewny.eu\/wp-content\/uploads\/2021\/10\/e-prenumerata-2021.jpg?fit=1200%2C1200&ssl=1&resize=700%2C400 2x, https:\/\/i0.wp.com\/przemysldrzewny.eu\/wp-content\/uploads\/2021\/10\/e-prenumerata-2021.jpg?fit=1200%2C1200&ssl=1&resize=1050%2C600 3x"},"classes":[]},{"id":14535,"url":"https:\/\/przemysldrzewny.eu\/index.php\/produkt\/przemysl-drzewny-researchdevelopment-nr-1-2026-wydanie-elektroniczne-kopia\/","url_meta":{"origin":59,"position":1},"title":"Przemys\u0142 Drzewny. Research&#038;Development nr 1\/2026 &#8211; wydanie elektroniczne","author":"forestor","date":"12 lutego 2026","format":false,"excerpt":"Przemys\u0142 drzewny to kwartalnik dla sektora le\u015bno-drzewnego. Bran\u017ca drzewna i jej ga\u0142\u0119zie: tartacznictwo, meblarstwo. produkcja stolarki otworowej, p\u0142yty drewnopochodne - to g\u0142\u00f3wni czytelnicy naszego czasopisma. \u00a0","rel":"","context":"Podobny wpis","block_context":{"text":"Podobny wpis","link":""},"img":{"alt_text":"","src":"https:\/\/i0.wp.com\/przemysldrzewny.eu\/wp-content\/uploads\/2026\/02\/PD_01_2026_OKLADKA.jpg?fit=849%2C1200&ssl=1&resize=350%2C200","width":350,"height":200,"srcset":"https:\/\/i0.wp.com\/przemysldrzewny.eu\/wp-content\/uploads\/2026\/02\/PD_01_2026_OKLADKA.jpg?fit=849%2C1200&ssl=1&resize=350%2C200 1x, https:\/\/i0.wp.com\/przemysldrzewny.eu\/wp-content\/uploads\/2026\/02\/PD_01_2026_OKLADKA.jpg?fit=849%2C1200&ssl=1&resize=525%2C300 1.5x, https:\/\/i0.wp.com\/przemysldrzewny.eu\/wp-content\/uploads\/2026\/02\/PD_01_2026_OKLADKA.jpg?fit=849%2C1200&ssl=1&resize=700%2C400 2x"},"classes":[]},{"id":14271,"url":"https:\/\/przemysldrzewny.eu\/index.php\/produkt\/przemysl-drzewny-researchdevelopment-nr-4-2025-wydanie-elektroniczne\/","url_meta":{"origin":59,"position":2},"title":"Przemys\u0142 Drzewny. Research&#038;Development nr 4\/2025 &#8211; wydanie elektroniczne","author":"forestor","date":"3 listopada 2025","format":false,"excerpt":"Przemys\u0142 drzewny to kwartalnik dla sektora le\u015bno-drzewnego. Bran\u017ca drzewna i jej ga\u0142\u0119zie: tartacznictwo, meblarstwo. produkcja stolarki otworowej, p\u0142yty drewnopochodne - to g\u0142\u00f3wni czytelnicy naszego czasopisma. \u00a0","rel":"","context":"Podobny wpis","block_context":{"text":"Podobny wpis","link":""},"img":{"alt_text":"","src":"https:\/\/i0.wp.com\/przemysldrzewny.eu\/wp-content\/uploads\/2025\/11\/PD_04_2025_OKLADKA.jpg?fit=848%2C1200&ssl=1&resize=350%2C200","width":350,"height":200,"srcset":"https:\/\/i0.wp.com\/przemysldrzewny.eu\/wp-content\/uploads\/2025\/11\/PD_04_2025_OKLADKA.jpg?fit=848%2C1200&ssl=1&resize=350%2C200 1x, https:\/\/i0.wp.com\/przemysldrzewny.eu\/wp-content\/uploads\/2025\/11\/PD_04_2025_OKLADKA.jpg?fit=848%2C1200&ssl=1&resize=525%2C300 1.5x, https:\/\/i0.wp.com\/przemysldrzewny.eu\/wp-content\/uploads\/2025\/11\/PD_04_2025_OKLADKA.jpg?fit=848%2C1200&ssl=1&resize=700%2C400 2x"},"classes":[]},{"id":44,"url":"https:\/\/przemysldrzewny.eu\/index.php\/produkt\/przemysl-drzewny-1-2018-wydanie-elektroniczne\/","url_meta":{"origin":59,"position":3},"title":"Przemys\u0142 drzewny 1\/2018 &#8211; wydanie elektroniczne","author":"forestor","date":"23 stycznia 2018","format":false,"excerpt":"Czasopismo 'Przemys\u0142 Drzewny. Research&Development' to fachowy kwartalnik dla os\u00f3b zwi\u0105zanych z profesjonalnym przetw\u00f3rstwem drewna i tworzyw drewnopochodnych.","rel":"","context":"Podobny wpis","block_context":{"text":"Podobny wpis","link":""},"img":{"alt_text":"","src":"","width":0,"height":0},"classes":[]},{"id":32,"url":"https:\/\/przemysldrzewny.eu\/index.php\/produkt\/przemysl-drzewny-3-2016-wydanie-elektroniczne\/","url_meta":{"origin":59,"position":4},"title":"Przemys\u0142 drzewny 3\/2016 &#8211; wydanie elektroniczne","author":"forestor","date":"23 sierpnia 2016","format":false,"excerpt":"Czasopismo 'Przemys\u0142 Drzewny. Reseacrh&Development' to fachowy kwartalnik dla os\u00f3b zwi\u0105zanych z profesjonalnym przetw\u00f3rstwem drewna i tworzyw drewnopochodnych.","rel":"","context":"Podobny wpis","block_context":{"text":"Podobny wpis","link":""},"img":{"alt_text":"","src":"","width":0,"height":0},"classes":[]},{"id":34,"url":"https:\/\/przemysldrzewny.eu\/index.php\/produkt\/przemysl-drzewny-4-2016-wydanie-elektroniczne\/","url_meta":{"origin":59,"position":5},"title":"Przemys\u0142 drzewny 4\/2016 &#8211; wydanie elektroniczne","author":"forestor","date":"23 pa\u017adziernika 2016","format":false,"excerpt":"Czasopismo 'Przemys\u0142 Drzewny. Reseacrh&Development' to fachowy kwartalnik dla os\u00f3b zwi\u0105zanych z profesjonalnym przetw\u00f3rstwem drewna i tworzyw drewnopochodnych.","rel":"","context":"Podobny wpis","block_context":{"text":"Podobny wpis","link":""},"img":{"alt_text":"","src":"","width":0,"height":0},"classes":[]}],"_links":{"self":[{"href":"https:\/\/przemysldrzewny.eu\/index.php\/wp-json\/wp\/v2\/product\/59","targetHints":{"allow":["GET"]}}],"collection":[{"href":"https:\/\/przemysldrzewny.eu\/index.php\/wp-json\/wp\/v2\/product"}],"about":[{"href":"https:\/\/przemysldrzewny.eu\/index.php\/wp-json\/wp\/v2\/types\/product"}],"wp:featuredmedia":[{"embeddable":true,"href":"https:\/\/przemysldrzewny.eu\/index.php\/wp-json\/wp\/v2\/media\/8579"}],"wp:attachment":[{"href":"https:\/\/przemysldrzewny.eu\/index.php\/wp-json\/wp\/v2\/media?parent=59"}],"wp:term":[{"taxonomy":"product_brand","embeddable":true,"href":"https:\/\/przemysldrzewny.eu\/index.php\/wp-json\/wp\/v2\/product_brand?post=59"},{"taxonomy":"product_cat","embeddable":true,"href":"https:\/\/przemysldrzewny.eu\/index.php\/wp-json\/wp\/v2\/product_cat?post=59"},{"taxonomy":"product_tag","embeddable":true,"href":"https:\/\/przemysldrzewny.eu\/index.php\/wp-json\/wp\/v2\/product_tag?post=59"}],"curies":[{"name":"wp","href":"https:\/\/api.w.org\/{rel}","templated":true}]}}