{"id":74,"date":"2020-05-23T18:15:47","date_gmt":"2020-05-23T16:15:47","guid":{"rendered":"http:\/\/nowy-wp.test\/?post_type=product&#038;p=74"},"modified":"2021-11-11T16:35:09","modified_gmt":"2021-11-11T15:35:09","slug":"przemysl-drzewny-nr-2-2020-wydanie-elektroniczne","status":"publish","type":"product","link":"https:\/\/przemysldrzewny.eu\/index.php\/produkt\/przemysl-drzewny-nr-2-2020-wydanie-elektroniczne\/","title":{"rendered":"Przemys\u0142 Drzewny nr 2\/2020 &#8211; wydanie elektroniczne"},"content":{"rendered":"<p>Numer 2\/2020 ukaza\u0142 si\u0119 15 maja 2020. Zawiera m.in. raport najwi\u0119kszych producent\u00f3w palet drewnianych w Polsce.<\/p>\n","protected":false},"excerpt":{"rendered":"<p>Numer 2\/2020 ukaza\u0142 si\u0119 15 maja 2020. Zawiera m.in. raport najwi\u0119kszych producent\u00f3w palet drewnianych w Polsce.<\/p>\n","protected":false},"featured_media":8497,"template":"","meta":[],"product_brand":[],"product_cat":[418,415],"product_tag":[],"class_list":{"0":"post-74","1":"product","2":"type-product","3":"status-publish","4":"has-post-thumbnail","6":"product_cat-kwartalnik","7":"product_cat-wydania-elektroniczne","8":"product_shipping_class-elektroniczna","10":"first","11":"instock","12":"downloadable","13":"taxable","14":"shipping-taxable","15":"purchasable","16":"product-type-simple"},"jetpack_likes_enabled":true,"jetpack_sharing_enabled":true,"jetpack-related-posts":[{"id":78,"url":"https:\/\/przemysldrzewny.eu\/index.php\/produkt\/przemysl-drzewny-nr-4-2020-wydanie-elektroniczne\/","url_meta":{"origin":74,"position":0},"title":"Przemys\u0142 Drzewny nr 4\/2020. Wydanie elektroniczne","author":"forestor","date":"23 pa\u017adziernika 2020","format":false,"excerpt":"Kwartalnik 'Przemys\u0142 Drzewny. Research&Development'. Wydanie 4\/2020 (pa\u017adziernik, listopad, grudzie\u0144 2020) ukaza\u0142o si\u0119 w 24 listopada 2020 r. Tradycyjnie zawiera 80 stron z informacjami o najnowszych inwestycjach w kraju, wa\u017cnych wydarzeniach na \u015bwiatowych rynkach drzewnych, analiz\u0119 cen surowca drzewnego. Najwi\u0119ksz\u0105 popularno\u015bci\u0105 cieszy si\u0119 'Raport 30 najwi\u0119kszych przedsi\u0119biorstw tartacznych w Polsce'. Przygotowano\u2026","rel":"","context":"Podobny wpis","block_context":{"text":"Podobny wpis","link":""},"img":{"alt_text":"","src":"https:\/\/i0.wp.com\/przemysldrzewny.eu\/wp-content\/uploads\/2021\/10\/PD_04_2020_okladka-724x1024-1.jpg?fit=724%2C1024&ssl=1&resize=350%2C200","width":350,"height":200,"srcset":"https:\/\/i0.wp.com\/przemysldrzewny.eu\/wp-content\/uploads\/2021\/10\/PD_04_2020_okladka-724x1024-1.jpg?fit=724%2C1024&ssl=1&resize=350%2C200 1x, https:\/\/i0.wp.com\/przemysldrzewny.eu\/wp-content\/uploads\/2021\/10\/PD_04_2020_okladka-724x1024-1.jpg?fit=724%2C1024&ssl=1&resize=525%2C300 1.5x, https:\/\/i0.wp.com\/przemysldrzewny.eu\/wp-content\/uploads\/2021\/10\/PD_04_2020_okladka-724x1024-1.jpg?fit=724%2C1024&ssl=1&resize=700%2C400 2x"},"classes":[]},{"id":75,"url":"https:\/\/przemysldrzewny.eu\/index.php\/produkt\/przemysl-drzewny-3-2020-wydanie-elektroniczne\/","url_meta":{"origin":74,"position":1},"title":"Przemys\u0142 Drzewny 3\/2020-wydanie elektroniczne","author":"forestor","date":"23 lipca 2020","format":false,"excerpt":"08 I N W E S T Y C J E W P O L S C E 8 Knur\u00f3w: Zak\u0142ad prefabrykacji za 30 mln 8 Bydgoszcz: Producent mebli sfinalizowa\u0142 proces inwestycyjny 8 Zabrze: Prefabrykacja w wi\u0119kszym zak\u0142adzie 9 Bydgoszcz: Ostateczna zmiana lokalizacji 9 Kr\u0119\u017co\u0142ek: Linia do produkcji pelletu z\u2026","rel":"","context":"Podobny wpis","block_context":{"text":"Podobny wpis","link":""},"img":{"alt_text":"","src":"https:\/\/i0.wp.com\/przemysldrzewny.eu\/wp-content\/uploads\/2020\/07\/3_2020_wydania-elektronizne.jpg?fit=1200%2C1200&ssl=1&resize=350%2C200","width":350,"height":200,"srcset":"https:\/\/i0.wp.com\/przemysldrzewny.eu\/wp-content\/uploads\/2020\/07\/3_2020_wydania-elektronizne.jpg?fit=1200%2C1200&ssl=1&resize=350%2C200 1x, https:\/\/i0.wp.com\/przemysldrzewny.eu\/wp-content\/uploads\/2020\/07\/3_2020_wydania-elektronizne.jpg?fit=1200%2C1200&ssl=1&resize=525%2C300 1.5x, https:\/\/i0.wp.com\/przemysldrzewny.eu\/wp-content\/uploads\/2020\/07\/3_2020_wydania-elektronizne.jpg?fit=1200%2C1200&ssl=1&resize=700%2C400 2x, https:\/\/i0.wp.com\/przemysldrzewny.eu\/wp-content\/uploads\/2020\/07\/3_2020_wydania-elektronizne.jpg?fit=1200%2C1200&ssl=1&resize=1050%2C600 3x"},"classes":[]}],"_links":{"self":[{"href":"https:\/\/przemysldrzewny.eu\/index.php\/wp-json\/wp\/v2\/product\/74","targetHints":{"allow":["GET"]}}],"collection":[{"href":"https:\/\/przemysldrzewny.eu\/index.php\/wp-json\/wp\/v2\/product"}],"about":[{"href":"https:\/\/przemysldrzewny.eu\/index.php\/wp-json\/wp\/v2\/types\/product"}],"wp:featuredmedia":[{"embeddable":true,"href":"https:\/\/przemysldrzewny.eu\/index.php\/wp-json\/wp\/v2\/media\/8497"}],"wp:attachment":[{"href":"https:\/\/przemysldrzewny.eu\/index.php\/wp-json\/wp\/v2\/media?parent=74"}],"wp:term":[{"taxonomy":"product_brand","embeddable":true,"href":"https:\/\/przemysldrzewny.eu\/index.php\/wp-json\/wp\/v2\/product_brand?post=74"},{"taxonomy":"product_cat","embeddable":true,"href":"https:\/\/przemysldrzewny.eu\/index.php\/wp-json\/wp\/v2\/product_cat?post=74"},{"taxonomy":"product_tag","embeddable":true,"href":"https:\/\/przemysldrzewny.eu\/index.php\/wp-json\/wp\/v2\/product_tag?post=74"}],"curies":[{"name":"wp","href":"https:\/\/api.w.org\/{rel}","templated":true}]}}