{"id":75,"date":"2020-07-23T18:15:47","date_gmt":"2020-07-23T16:15:47","guid":{"rendered":"http:\/\/nowy-wp.test\/?post_type=product&#038;p=75"},"modified":"2021-11-11T17:25:08","modified_gmt":"2021-11-11T16:25:08","slug":"przemysl-drzewny-3-2020-wydanie-elektroniczne","status":"publish","type":"product","link":"https:\/\/przemysldrzewny.eu\/index.php\/produkt\/przemysl-drzewny-3-2020-wydanie-elektroniczne\/","title":{"rendered":"Przemys\u0142 Drzewny 3\/2020-wydanie elektroniczne"},"content":{"rendered":"<p>08 I N W E S T Y C J E W P O L S C E<br \/>\n8 Knur\u00f3w: Zak\u0142ad prefabrykacji za 30 mln<br \/>\n8 Bydgoszcz: Producent mebli<br \/>\nsfinalizowa\u0142 proces inwestycyjny<br \/>\n8 Zabrze: Prefabrykacja w wi\u0119kszym zak\u0142adzie<br \/>\n9 Bydgoszcz: Ostateczna zmiana lokalizacji<br \/>\n9 Kr\u0119\u017co\u0142ek: Linia do produkcji pelletu z instalacj\u0105 PV<br \/>\n9 Bia\u0142ka: Dotacja na unikatowe produkty z drewna<br \/>\n9 Grajewo: Nowe stacje nasypowe<br \/>\n9 Pisz: Wiosenna modernizacja zak\u0142adu<br \/>\n10 Z E \u015a W I A TA<br \/>\n10 Bia\u0142oru\u015b: Rozwija si\u0119 sektor drzewny<br \/>\n10 Finlandia: Mets\u00e4 Fibre buduje<br \/>\nnajnowocze\u015bniejszy tartak na \u015bwiecie<br \/>\n11 \u015awiat: Drewno CLT wci\u0105\u017c z silnymi wzrostami<br \/>\n11 Finlandia: UPM Plywood planuje ograniczy\u0107<br \/>\nprodukcj\u0119 sklejki<br \/>\n12 \u015awiat: Koronawirus nie spowolni\u0142 handlu<br \/>\ndrewnem na \u015bwiecie<br \/>\n12 Estonia: Teraz w formacie nawet do 3,6 m<br \/>\n12 Europa: Przybywa uszkodzonego drewna<br \/>\n13 USA: Arauco zamyka zak\u0142ady produkuj\u0105ce<br \/>\np\u0142yty MDF<br \/>\n13 Niemcy: 700 mln euro na odbudow\u0119 las\u00f3w<br \/>\n14 Kanada: Vancouver zezwala na budow\u0119<br \/>\nwy\u017cszych budynk\u00f3w z drewna<br \/>\n14 Hiszpania: Rekordowa produkcja pelletu<br \/>\ndrzewnego<br \/>\n15 Finlandia: Drony skuteczne w walce<br \/>\nz kornikiem<br \/>\n15 S\u0142owacja: Umowy na zakup drewna rozwi\u0105zane<br \/>\n15 W\u0142ochy: Microtec przej\u0105\u0142 Lucidyne<br \/>\n16 WYWIAD<br \/>\nRuszy\u0142a trzecia linia prefabrykacji w Czarnkowie<br \/>\n22 OGROD\u00d3WKA<br \/>\n22 Lockdown rozkr\u0119ci\u0142 polskie ogrody<br \/>\n30 Czy drewno zostanie wyparte<br \/>\nz ?ogrod\u00f3wki? klasy premium?<br \/>\n33 Paged wchodzi w stref\u0119 garden<br \/>\n34 Drewno termowane. Lokalne gatunki<br \/>\nw egzotycznym stylu<br \/>\n36 10 trend\u00f3w w ma\u0142ej architekturze ogrodowej<br \/>\n40 B I O M A S A<br \/>\nBiomasa na cele energetyczne musi spe\u0142nia\u0107<br \/>\nkryteria dyrektywy RED II. Trzeba si\u0119<br \/>\ncertyfikowa\u0107!<br \/>\n46 R Y N E K P R A C Y<br \/>\nCovid-19 zarz\u0105dza kadrami<\/p>\n<p>54 L E \u015a N I C T W O<br \/>\nInwentaryzacji las\u00f3w ci\u0105g dalszy<br \/>\n56 R Y N E K D R E W N A<br \/>\n56 Drewno okr\u0105g\u0142e si\u0119 nie sprzedaje?<br \/>\nIII kwarta\u0142 2020 r. by\u0142 niespodziank\u0105<br \/>\n61 Wielkopolska stolic\u0105 przemys\u0142u drzewnego<br \/>\n62 P \u0141Y T Y D R E W N O P O C H O D N E<br \/>\nNaukowcy donosz\u0105?<br \/>\n64 P O D \u0141 O G I<br \/>\nP\u0142e\u0107 decyduje o wyborze pod\u0142ogi?<br \/>\n68 D R E W N O K L E J O N E<br \/>\n68 Czy wkr\u0119ty wklejane wyeliminuj\u0105 oczepy<br \/>\ni podwaliny?<br \/>\n72 Kopu\u0142a sferyczna z drewna klejonego<br \/>\n76 GAT U N K I D R E W N A<br \/>\nBo\u017codrzew ? azjatyckie drewno<br \/>\n82 DZ I A \u0141 P E R S O N A L N Y<br \/>\nKto jest kim w sektorze le\u015bno-drzewnym?<br \/>\nMatej Vigoda, Micha\u0142 Zasada, \u0141ukasz Fojt<\/p>\n","protected":false},"excerpt":{"rendered":"<p>08 I N W E S T Y C J E W P O L S C E 8 Knur\u00f3w: Zak\u0142ad prefabrykacji za 30 mln 8 Bydgoszcz: Producent mebli sfinalizowa\u0142 [&hellip;]<\/p>\n","protected":false},"featured_media":10684,"template":"","meta":[],"product_brand":[],"product_cat":[418,415],"product_tag":[],"class_list":{"0":"post-75","1":"product","2":"type-product","3":"status-publish","4":"has-post-thumbnail","6":"product_cat-kwartalnik","7":"product_cat-wydania-elektroniczne","8":"product_shipping_class-elektroniczna","10":"first","11":"instock","12":"downloadable","13":"taxable","14":"shipping-taxable","15":"purchasable","16":"product-type-simple"},"jetpack_likes_enabled":true,"jetpack_sharing_enabled":true,"jetpack-related-posts":[{"id":14037,"url":"https:\/\/przemysldrzewny.eu\/index.php\/produkt\/pd2-2025-wydanie-elektroniczne\/","url_meta":{"origin":75,"position":0},"title":"Przemys\u0142 Drzewny. Research&#038;Development nr 3\/2025 &#8211; wydanie elektroniczne","author":"forestor","date":"12 sierpnia 2025","format":false,"excerpt":"Przemys\u0142 drzewny to kwartalnik dla sektora le\u015bno-drzewnego. Bran\u017ca drzewna i jej ga\u0142\u0119zie: tartacznictwo, meblarstwo. produkcja stolarki otworowej, p\u0142yty drewnopochodne - to g\u0142\u00f3wni czytelnicy naszego czasopisma. W numerze 3\/2025 znajd\u0105 raport rynku rynku meblarskiego, wyniki jego lider\u00f3w, analizy i prognozy rynku, Ponadto najnowsze wyniki produkcji pod\u0142\u00f3g drewnianych na \u015bwiecie,\u00a0informacje o nowych\u2026","rel":"","context":"Podobny wpis","block_context":{"text":"Podobny wpis","link":""},"img":{"alt_text":"","src":"https:\/\/i0.wp.com\/przemysldrzewny.eu\/wp-content\/uploads\/2025\/08\/PD_03_2025_OKLADKA.jpg?fit=848%2C1200&ssl=1&resize=350%2C200","width":350,"height":200,"srcset":"https:\/\/i0.wp.com\/przemysldrzewny.eu\/wp-content\/uploads\/2025\/08\/PD_03_2025_OKLADKA.jpg?fit=848%2C1200&ssl=1&resize=350%2C200 1x, https:\/\/i0.wp.com\/przemysldrzewny.eu\/wp-content\/uploads\/2025\/08\/PD_03_2025_OKLADKA.jpg?fit=848%2C1200&ssl=1&resize=525%2C300 1.5x, https:\/\/i0.wp.com\/przemysldrzewny.eu\/wp-content\/uploads\/2025\/08\/PD_03_2025_OKLADKA.jpg?fit=848%2C1200&ssl=1&resize=700%2C400 2x"},"classes":[]},{"id":12600,"url":"https:\/\/przemysldrzewny.eu\/index.php\/produkt\/przemysl-drzewny-researchdevelopment-nr-1-2024-wydanie-drukowane\/","url_meta":{"origin":75,"position":1},"title":"Przemys\u0142 Drzewny. Research&#038;Development nr 1\/2024 &#8211; wydanie drukowane","author":"forestor","date":"14 lutego 2024","format":false,"excerpt":"Przemys\u0142 drzewny to kwartalnik dla sektora le\u015bno-drzewnego. Bran\u017ca drzewna i jej ga\u0142\u0119zie: tartacznictwo, meblarstwo. produkcja stolarki otworowej, p\u0142yty drewnopochodne - to g\u0142owni czytelnicy naszego czasopisma. W numerze 4\/2023 znajd\u0105 unikalny raport produkcji tartacznej w Polsce, raport pelletu,\u00a0 \u00a0analizy rynku, w tym prognozy dla cen surowca drzewnego. Polecamy analizy rynku budownictwa\u2026","rel":"","context":"Podobny wpis","block_context":{"text":"Podobny wpis","link":""},"img":{"alt_text":"","src":"https:\/\/i0.wp.com\/przemysldrzewny.eu\/wp-content\/uploads\/2024\/02\/PD_01_2024_OKLADKA.jpg?fit=848%2C1200&ssl=1&resize=350%2C200","width":350,"height":200,"srcset":"https:\/\/i0.wp.com\/przemysldrzewny.eu\/wp-content\/uploads\/2024\/02\/PD_01_2024_OKLADKA.jpg?fit=848%2C1200&ssl=1&resize=350%2C200 1x, https:\/\/i0.wp.com\/przemysldrzewny.eu\/wp-content\/uploads\/2024\/02\/PD_01_2024_OKLADKA.jpg?fit=848%2C1200&ssl=1&resize=525%2C300 1.5x, https:\/\/i0.wp.com\/przemysldrzewny.eu\/wp-content\/uploads\/2024\/02\/PD_01_2024_OKLADKA.jpg?fit=848%2C1200&ssl=1&resize=700%2C400 2x"},"classes":[]},{"id":11754,"url":"https:\/\/przemysldrzewny.eu\/index.php\/produkt\/przemysl-drzewny-nr-1-2023-wydanie-elektroniczne\/","url_meta":{"origin":75,"position":2},"title":"Przemys\u0142 Drzewny. Research&#038;Development nr 1\/2023 &#8211; wydanie elektroniczne","author":"forestor","date":"14 lutego 2023","format":false,"excerpt":"Przemys\u0142 drzewny to kwartalnik dla sektora le\u015bno-drzewnego. Bran\u017ca drzewna i jej ga\u0142\u0119zie: tartacznictwo, meblarstwo. produkcja stolarki otworowej, p\u0142yty drewnopochodne - to g\u0142owni czytelnicy naszego czasopisma. W numerze 1\/2023 znajd\u0105 unikalny raport prefabrykowanego budownictwa modu\u0142owego drewnianego w Polsce, analizy rynku, w tym prognozy dla cen surowca drzewnego. Polecamy analizy rynku stolarki\u2026","rel":"","context":"Podobny wpis","block_context":{"text":"Podobny wpis","link":""},"img":{"alt_text":"","src":"https:\/\/i0.wp.com\/przemysldrzewny.eu\/wp-content\/uploads\/2023\/02\/PD_01_2023_OKLADKA.jpg?fit=848%2C1200&ssl=1&resize=350%2C200","width":350,"height":200,"srcset":"https:\/\/i0.wp.com\/przemysldrzewny.eu\/wp-content\/uploads\/2023\/02\/PD_01_2023_OKLADKA.jpg?fit=848%2C1200&ssl=1&resize=350%2C200 1x, https:\/\/i0.wp.com\/przemysldrzewny.eu\/wp-content\/uploads\/2023\/02\/PD_01_2023_OKLADKA.jpg?fit=848%2C1200&ssl=1&resize=525%2C300 1.5x, https:\/\/i0.wp.com\/przemysldrzewny.eu\/wp-content\/uploads\/2023\/02\/PD_01_2023_OKLADKA.jpg?fit=848%2C1200&ssl=1&resize=700%2C400 2x"},"classes":[]},{"id":12597,"url":"https:\/\/przemysldrzewny.eu\/index.php\/produkt\/przemysl-drzewny-researchdevelopment-nr-1-2024-wydanie-elektroniczne\/","url_meta":{"origin":75,"position":3},"title":"Przemys\u0142 Drzewny. Research&#038;Development nr 1\/2024 &#8211; wydanie elektroniczne","author":"forestor","date":"14 lutego 2024","format":false,"excerpt":"Przemys\u0142 drzewny to kwartalnik dla sektora le\u015bno-drzewnego. Bran\u017ca drzewna i jej ga\u0142\u0119zie: tartacznictwo, meblarstwo. produkcja stolarki otworowej, p\u0142yty drewnopochodne - to g\u0142owni czytelnicy naszego czasopisma. W numerze 1\/2024 znajd\u0105 unikalny raport produkcji tartacznej w Polsce, raport pelletu,\u00a0 \u00a0analizy rynku, w tym prognozy dla cen surowca drzewnego. Polecamy analizy rynku budownictwa\u2026","rel":"","context":"Podobny wpis","block_context":{"text":"Podobny wpis","link":""},"img":{"alt_text":"","src":"https:\/\/i0.wp.com\/przemysldrzewny.eu\/wp-content\/uploads\/2024\/02\/PD_01_2024_OKLADKA.jpg?fit=848%2C1200&ssl=1&resize=350%2C200","width":350,"height":200,"srcset":"https:\/\/i0.wp.com\/przemysldrzewny.eu\/wp-content\/uploads\/2024\/02\/PD_01_2024_OKLADKA.jpg?fit=848%2C1200&ssl=1&resize=350%2C200 1x, https:\/\/i0.wp.com\/przemysldrzewny.eu\/wp-content\/uploads\/2024\/02\/PD_01_2024_OKLADKA.jpg?fit=848%2C1200&ssl=1&resize=525%2C300 1.5x, https:\/\/i0.wp.com\/przemysldrzewny.eu\/wp-content\/uploads\/2024\/02\/PD_01_2024_OKLADKA.jpg?fit=848%2C1200&ssl=1&resize=700%2C400 2x"},"classes":[]},{"id":12208,"url":"https:\/\/przemysldrzewny.eu\/index.php\/produkt\/przemysl-drzewny-researchdevelopment-nr-3-2023-wydanie-elektroniczne\/","url_meta":{"origin":75,"position":4},"title":"Przemys\u0142 Drzewny. Research&#038;Development nr 3\/2023 &#8211; wydanie elektroniczne","author":"forestor","date":"19 sierpnia 2023","format":false,"excerpt":"Przemys\u0142 drzewny to kwartalnik dla sektora le\u015bno-drzewnego. Bran\u017ca drzewna i jej ga\u0142\u0119zie: tartacznictwo, meblarstwo. produkcja stolarki otworowej, p\u0142yty drewnopochodne - to g\u0142owni czytelnicy naszego czasopisma. W numerze 2\/2023 znajd\u0105 unikalny raport palet drewnianych w Polsce, analizy rynku, w tym prognozy dla cen surowca drzewnego. Polecamy analizy rynku stolarki budowlanejoraz bran\u017cy\u2026","rel":"","context":"Podobny wpis","block_context":{"text":"Podobny wpis","link":""},"img":{"alt_text":"","src":"https:\/\/i0.wp.com\/przemysldrzewny.eu\/wp-content\/uploads\/2023\/08\/PD_03_2023_OKLADKA.jpg?fit=848%2C1200&ssl=1&resize=350%2C200","width":350,"height":200,"srcset":"https:\/\/i0.wp.com\/przemysldrzewny.eu\/wp-content\/uploads\/2023\/08\/PD_03_2023_OKLADKA.jpg?fit=848%2C1200&ssl=1&resize=350%2C200 1x, https:\/\/i0.wp.com\/przemysldrzewny.eu\/wp-content\/uploads\/2023\/08\/PD_03_2023_OKLADKA.jpg?fit=848%2C1200&ssl=1&resize=525%2C300 1.5x, https:\/\/i0.wp.com\/przemysldrzewny.eu\/wp-content\/uploads\/2023\/08\/PD_03_2023_OKLADKA.jpg?fit=848%2C1200&ssl=1&resize=700%2C400 2x"},"classes":[]},{"id":12209,"url":"https:\/\/przemysldrzewny.eu\/index.php\/produkt\/przemysl-drzewny-researchdevelopment-nr-3-2023-wydanie-drukowane\/","url_meta":{"origin":75,"position":5},"title":"Przemys\u0142 Drzewny. Research&#038;Development nr 3\/2023 &#8211; wydanie drukowane","author":"forestor","date":"19 sierpnia 2023","format":false,"excerpt":"Przemys\u0142 drzewny to kwartalnik dla sektora le\u015bno-drzewnego. Bran\u017ca drzewna i jej ga\u0142\u0119zie: tartacznictwo, meblarstwo. produkcja stolarki otworowej, p\u0142yty drewnopochodne - to g\u0142owni czytelnicy naszego czasopisma. W numerze 2\/2023 znajd\u0105 unikalny raport palet drewnianych w Polsce, analizy rynku, w tym prognozy dla cen surowca drzewnego. Polecamy analizy rynku stolarki budowlanejoraz bran\u017cy\u2026","rel":"","context":"Podobny wpis","block_context":{"text":"Podobny wpis","link":""},"img":{"alt_text":"","src":"https:\/\/i0.wp.com\/przemysldrzewny.eu\/wp-content\/uploads\/2023\/08\/PD_03_2023_OKLADKA.jpg?fit=848%2C1200&ssl=1&resize=350%2C200","width":350,"height":200,"srcset":"https:\/\/i0.wp.com\/przemysldrzewny.eu\/wp-content\/uploads\/2023\/08\/PD_03_2023_OKLADKA.jpg?fit=848%2C1200&ssl=1&resize=350%2C200 1x, https:\/\/i0.wp.com\/przemysldrzewny.eu\/wp-content\/uploads\/2023\/08\/PD_03_2023_OKLADKA.jpg?fit=848%2C1200&ssl=1&resize=525%2C300 1.5x, https:\/\/i0.wp.com\/przemysldrzewny.eu\/wp-content\/uploads\/2023\/08\/PD_03_2023_OKLADKA.jpg?fit=848%2C1200&ssl=1&resize=700%2C400 2x"},"classes":[]}],"_links":{"self":[{"href":"https:\/\/przemysldrzewny.eu\/index.php\/wp-json\/wp\/v2\/product\/75","targetHints":{"allow":["GET"]}}],"collection":[{"href":"https:\/\/przemysldrzewny.eu\/index.php\/wp-json\/wp\/v2\/product"}],"about":[{"href":"https:\/\/przemysldrzewny.eu\/index.php\/wp-json\/wp\/v2\/types\/product"}],"wp:featuredmedia":[{"embeddable":true,"href":"https:\/\/przemysldrzewny.eu\/index.php\/wp-json\/wp\/v2\/media\/10684"}],"wp:attachment":[{"href":"https:\/\/przemysldrzewny.eu\/index.php\/wp-json\/wp\/v2\/media?parent=75"}],"wp:term":[{"taxonomy":"product_brand","embeddable":true,"href":"https:\/\/przemysldrzewny.eu\/index.php\/wp-json\/wp\/v2\/product_brand?post=75"},{"taxonomy":"product_cat","embeddable":true,"href":"https:\/\/przemysldrzewny.eu\/index.php\/wp-json\/wp\/v2\/product_cat?post=75"},{"taxonomy":"product_tag","embeddable":true,"href":"https:\/\/przemysldrzewny.eu\/index.php\/wp-json\/wp\/v2\/product_tag?post=75"}],"curies":[{"name":"wp","href":"https:\/\/api.w.org\/{rel}","templated":true}]}}